{"id":2131,"date":"2020-12-21T08:37:38","date_gmt":"2020-12-21T08:37:38","guid":{"rendered":"https:\/\/wordpress-486734-1655966.cloudwaysapps.com\/?page_id=2131"},"modified":"2026-02-18T15:58:34","modified_gmt":"2026-02-18T13:58:34","slug":"contacto","status":"publish","type":"page","link":"https:\/\/amznavigator.com\/es\/contacto\/","title":{"rendered":"Contacto"},"content":{"rendered":"<style>.kb-row-layout-wrap.wp-block-kadence-rowlayout.kb-row-layout-id2131_d09f43-25{margin-top:0px;margin-bottom:0px;}.kb-row-layout-id2131_d09f43-25 > .kt-row-column-wrap{align-content:start;}:where(.kb-row-layout-id2131_d09f43-25 > .kt-row-column-wrap) > .wp-block-kadence-column{justify-content:start;}.kb-row-layout-id2131_d09f43-25 > .kt-row-column-wrap{column-gap:var(--global-kb-gap-none, 0rem );row-gap:var(--global-kb-gap-md, 2rem);max-width:1140px;margin-left:auto;margin-right:auto;padding-top:106px;padding-right:10px;padding-bottom:64px;padding-left:10px;grid-template-columns:minmax(0, calc(63.5% - ((var(--global-kb-gap-none, 0rem ) * 1 )\/2)))minmax(0, calc(36.5% - ((var(--global-kb-gap-none, 0rem ) * 1 )\/2)));}.kb-row-layout-id2131_d09f43-25{background-image:url('https:\/\/amznavigator.com\/wp-content\/uploads\/2025\/09\/office2.jpg');background-size:cover;background-position:50% 50%;background-attachment:scroll;background-repeat:no-repeat;}.kb-row-layout-id2131_d09f43-25 > .kt-row-layout-overlay{opacity:0.65;background-color:#000000;}@media all and (max-width: 1024px){.kb-row-layout-id2131_d09f43-25 > .kt-row-column-wrap{padding-top:120px;padding-right:120px;padding-bottom:60px;padding-left:60px;grid-template-columns:repeat(2, minmax(0, 1fr));}}@media all and (max-width: 767px){.kb-row-layout-id2131_d09f43-25 > .kt-row-column-wrap{padding-top:120px;padding-right:20px;padding-bottom:30px;padding-left:20px;grid-template-columns:minmax(0, 1fr);}}<\/style><div class=\"kb-row-layout-wrap kb-row-layout-id2131_d09f43-25 alignnone kt-row-has-bg wp-block-kadence-rowlayout\"><div class=\"kt-row-layout-overlay kt-row-overlay-normal\"><\/div><div class=\"kt-row-column-wrap kt-has-2-columns kt-row-layout-equal kt-tab-layout-inherit kt-mobile-layout-row kt-row-valign-top\">\n<style>.kadence-column2131_b7ee16-06 > .kt-inside-inner-col,.kadence-column2131_b7ee16-06 > .kt-inside-inner-col:before{border-top-left-radius:0px;border-top-right-radius:0px;border-bottom-right-radius:0px;border-bottom-left-radius:0px;}.kadence-column2131_b7ee16-06 > .kt-inside-inner-col{column-gap:var(--global-kb-gap-sm, 1rem);}.kadence-column2131_b7ee16-06 > .kt-inside-inner-col{flex-direction:column;}.kadence-column2131_b7ee16-06 > .kt-inside-inner-col > .aligncenter{width:100%;}.kadence-column2131_b7ee16-06 > .kt-inside-inner-col:before{opacity:0.3;}.kadence-column2131_b7ee16-06{position:relative;}@media all and (max-width: 1024px){.kadence-column2131_b7ee16-06 > .kt-inside-inner-col{flex-direction:column;justify-content:center;}}@media all and (max-width: 767px){.kadence-column2131_b7ee16-06 > .kt-inside-inner-col{flex-direction:column;justify-content:center;}}<\/style>\n<div class=\"wp-block-kadence-column kadence-column2131_b7ee16-06 inner-column-1\"><div class=\"kt-inside-inner-col\"><style>.wp-block-kadence-advancedheading.kt-adv-heading2131_370548-0c, .wp-block-kadence-advancedheading.kt-adv-heading2131_370548-0c[data-kb-block=\"kb-adv-heading2131_370548-0c\"]{margin-top:0px;margin-bottom:var(--global-kb-spacing-lg, 3rem);font-size:54px;line-height:1.2;font-style:normal;}.wp-block-kadence-advancedheading.kt-adv-heading2131_370548-0c mark.kt-highlight, .wp-block-kadence-advancedheading.kt-adv-heading2131_370548-0c[data-kb-block=\"kb-adv-heading2131_370548-0c\"] mark.kt-highlight{font-style:normal;color:#f76a0c;-webkit-box-decoration-break:clone;box-decoration-break:clone;padding-top:0px;padding-right:0px;padding-bottom:0px;padding-left:0px;}.wp-block-kadence-advancedheading.kt-adv-heading2131_370548-0c img.kb-inline-image, .wp-block-kadence-advancedheading.kt-adv-heading2131_370548-0c[data-kb-block=\"kb-adv-heading2131_370548-0c\"] img.kb-inline-image{width:150px;vertical-align:baseline;}@media all and (max-width: 1024px){.wp-block-kadence-advancedheading.kt-adv-heading2131_370548-0c, .wp-block-kadence-advancedheading.kt-adv-heading2131_370548-0c[data-kb-block=\"kb-adv-heading2131_370548-0c\"]{text-align:center!important;}}<\/style>\n<h1 class=\"kt-adv-heading2131_370548-0c wp-block-kadence-advancedheading has-theme-palette-8-color has-text-color\" data-kb-block=\"kb-adv-heading2131_370548-0c\">Contacto<\/h1>\n\n\n<style>.wp-block-kadence-advancedheading.kt-adv-heading2131_9675e1-67, .wp-block-kadence-advancedheading.kt-adv-heading2131_9675e1-67[data-kb-block=\"kb-adv-heading2131_9675e1-67\"]{font-size:25px;font-style:normal;}.wp-block-kadence-advancedheading.kt-adv-heading2131_9675e1-67 mark.kt-highlight, .wp-block-kadence-advancedheading.kt-adv-heading2131_9675e1-67[data-kb-block=\"kb-adv-heading2131_9675e1-67\"] mark.kt-highlight{font-style:normal;color:#f76a0c;-webkit-box-decoration-break:clone;box-decoration-break:clone;padding-top:0px;padding-right:0px;padding-bottom:0px;padding-left:0px;}.wp-block-kadence-advancedheading.kt-adv-heading2131_9675e1-67 img.kb-inline-image, .wp-block-kadence-advancedheading.kt-adv-heading2131_9675e1-67[data-kb-block=\"kb-adv-heading2131_9675e1-67\"] img.kb-inline-image{width:150px;vertical-align:baseline;}@media all and (max-width: 1024px){.wp-block-kadence-advancedheading.kt-adv-heading2131_9675e1-67, .wp-block-kadence-advancedheading.kt-adv-heading2131_9675e1-67[data-kb-block=\"kb-adv-heading2131_9675e1-67\"]{text-align:center!important;}}<\/style>\n<p class=\"kt-adv-heading2131_9675e1-67 wp-block-kadence-advancedheading has-theme-palette-8-color has-text-color\" data-kb-block=\"kb-adv-heading2131_9675e1-67\">Estamos aqu\u00ed para responder a cualquier pregunta. No dudes en ponerte en contacto con nosotros, estaremos encantados de ayudarte.<\/p>\n<\/div><\/div>\n\n\n<style>.kadence-column2131_ef7f5b-00 > .kt-inside-inner-col,.kadence-column2131_ef7f5b-00 > .kt-inside-inner-col:before{border-top-left-radius:0px;border-top-right-radius:0px;border-bottom-right-radius:0px;border-bottom-left-radius:0px;}.kadence-column2131_ef7f5b-00 > .kt-inside-inner-col{column-gap:var(--global-kb-gap-sm, 1rem);}.kadence-column2131_ef7f5b-00 > .kt-inside-inner-col{flex-direction:column;}.kadence-column2131_ef7f5b-00 > .kt-inside-inner-col > .aligncenter{width:100%;}.kadence-column2131_ef7f5b-00 > .kt-inside-inner-col:before{opacity:0.3;}.kadence-column2131_ef7f5b-00{position:relative;}@media all and (max-width: 1024px){.kadence-column2131_ef7f5b-00 > .kt-inside-inner-col{flex-direction:column;justify-content:center;}}@media all and (max-width: 767px){.kadence-column2131_ef7f5b-00 > .kt-inside-inner-col{flex-direction:column;justify-content:center;}}<\/style>\n<div class=\"wp-block-kadence-column kadence-column2131_ef7f5b-00 inner-column-2\"><div class=\"kt-inside-inner-col\"><\/div><\/div>\n\n<\/div><\/div>\n\n<style>.kb-row-layout-id2131_a40efb-89 > .kt-row-column-wrap{align-content:start;}:where(.kb-row-layout-id2131_a40efb-89 > .kt-row-column-wrap) > .wp-block-kadence-column{justify-content:start;}.kb-row-layout-id2131_a40efb-89 > .kt-row-column-wrap{column-gap:var(--global-kb-gap-md, 2rem);row-gap:var(--global-kb-gap-md, 2rem);max-width:var( --global-content-width, 1170px );padding-left:var(--global-content-edge-padding);padding-right:var(--global-content-edge-padding);padding-top:var(--global-kb-spacing-xxl, 5rem);padding-bottom:var(--global-kb-spacing-xxl, 5rem);grid-template-columns:minmax(0, calc(35% - ((var(--global-kb-gap-md, 2rem) * 1 )\/2)))minmax(0, calc(65% - ((var(--global-kb-gap-md, 2rem) * 1 )\/2)));}.kb-row-layout-id2131_a40efb-89 > .kt-row-layout-overlay{opacity:0.30;}@media all and (max-width: 1024px){.kb-row-layout-id2131_a40efb-89 > .kt-row-column-wrap{grid-template-columns:minmax(0, 1fr);}}@media all and (max-width: 1024px){.kb-row-layout-id2131_a40efb-89 > .kt-row-column-wrap > .wp-block-kadence-column:nth-child(1 of *:not(style)){order:2;}}@media all and (max-width: 1024px){.kb-row-layout-id2131_a40efb-89 > .kt-row-column-wrap > .wp-block-kadence-column:nth-child(2 of *:not(style)){order:1;}}@media all and (max-width: 1024px){.kb-row-layout-id2131_a40efb-89 > .kt-row-column-wrap > .wp-block-kadence-column:nth-child(3 of *:not(style)){order:12;}}@media all and (max-width: 1024px){.kb-row-layout-id2131_a40efb-89 > .kt-row-column-wrap > .wp-block-kadence-column:nth-child(4 of *:not(style)){order:11;}}@media all and (max-width: 1024px){.kb-row-layout-id2131_a40efb-89 > .kt-row-column-wrap > .wp-block-kadence-column:nth-child(5 of *:not(style)){order:22;}}@media all and (max-width: 1024px){.kb-row-layout-id2131_a40efb-89 > .kt-row-column-wrap > .wp-block-kadence-column:nth-child(6 of *:not(style)){order:21;}}@media all and (max-width: 1024px){.kb-row-layout-id2131_a40efb-89 > .kt-row-column-wrap > .wp-block-kadence-column:nth-child(7 of *:not(style)){order:32;}}@media all and (max-width: 1024px){.kb-row-layout-id2131_a40efb-89 > .kt-row-column-wrap > .wp-block-kadence-column:nth-child(8 of *:not(style)){order:31;}}@media all and (max-width: 767px){.kb-row-layout-id2131_a40efb-89 > .kt-row-column-wrap{grid-template-columns:minmax(0, 1fr);}.kb-row-layout-id2131_a40efb-89 > .kt-row-column-wrap > .wp-block-kadence-column:nth-child(1 of *:not(style)){order:2;}.kb-row-layout-id2131_a40efb-89 > .kt-row-column-wrap > .wp-block-kadence-column:nth-child(2 of *:not(style)){order:1;}.kb-row-layout-id2131_a40efb-89 > .kt-row-column-wrap > .wp-block-kadence-column:nth-child(3 of *:not(style)){order:12;}.kb-row-layout-id2131_a40efb-89 > .kt-row-column-wrap > .wp-block-kadence-column:nth-child(4 of *:not(style)){order:11;}.kb-row-layout-id2131_a40efb-89 > .kt-row-column-wrap > .wp-block-kadence-column:nth-child(5 of *:not(style)){order:22;}.kb-row-layout-id2131_a40efb-89 > .kt-row-column-wrap > .wp-block-kadence-column:nth-child(6 of *:not(style)){order:21;}.kb-row-layout-id2131_a40efb-89 > .kt-row-column-wrap > .wp-block-kadence-column:nth-child(7 of *:not(style)){order:32;}.kb-row-layout-id2131_a40efb-89 > .kt-row-column-wrap > .wp-block-kadence-column:nth-child(8 of *:not(style)){order:31;}}<\/style><div class=\"kb-row-layout-wrap kb-row-layout-id2131_a40efb-89 alignfull has-theme-palette8-background-color kt-row-has-bg wp-block-kadence-rowlayout\"><div class=\"kt-row-column-wrap kt-has-2-columns kt-row-layout-equal kt-tab-layout-row kt-mobile-layout-row kt-row-valign-top kb-theme-content-width\">\n<style>.kadence-column2131_9f35e2-c0 > .kt-inside-inner-col{display:flex;}.kadence-column2131_9f35e2-c0 > .kt-inside-inner-col,.kadence-column2131_9f35e2-c0 > .kt-inside-inner-col:before{border-top-left-radius:0px;border-top-right-radius:0px;border-bottom-right-radius:0px;border-bottom-left-radius:0px;}.kadence-column2131_9f35e2-c0 > .kt-inside-inner-col{column-gap:var(--global-kb-gap-sm, 1rem);}.kadence-column2131_9f35e2-c0 > .kt-inside-inner-col{flex-direction:column;justify-content:flex-start;}.kadence-column2131_9f35e2-c0 > .kt-inside-inner-col > .aligncenter{width:100%;}.kt-row-column-wrap > .kadence-column2131_9f35e2-c0{align-self:flex-start;}.kt-inner-column-height-full:not(.kt-has-1-columns) > .wp-block-kadence-column.kadence-column2131_9f35e2-c0{align-self:auto;}.kt-inner-column-height-full:not(.kt-has-1-columns) > .wp-block-kadence-column.kadence-column2131_9f35e2-c0 > .kt-inside-inner-col{flex-direction:column;justify-content:flex-start;}.kadence-column2131_9f35e2-c0 > .kt-inside-inner-col:before{opacity:0.3;}.kadence-column2131_9f35e2-c0{position:relative;}.kadence-column2131_9f35e2-c0, .kt-inside-inner-col > .kadence-column2131_9f35e2-c0:not(.specificity){margin-left:var(--global-kb-spacing-md, 2rem);}@media all and (max-width: 1024px){.kt-row-column-wrap > .kadence-column2131_9f35e2-c0{align-self:flex-start;}}@media all and (max-width: 1024px){.kt-inner-column-height-full:not(.kt-has-1-columns) > .wp-block-kadence-column.kadence-column2131_9f35e2-c0{align-self:auto;}}@media all and (max-width: 1024px){.kt-inner-column-height-full:not(.kt-has-1-columns) > .wp-block-kadence-column.kadence-column2131_9f35e2-c0 > .kt-inside-inner-col{flex-direction:column;justify-content:flex-start;}}@media all and (max-width: 1024px){.kadence-column2131_9f35e2-c0 > .kt-inside-inner-col{flex-direction:column;justify-content:flex-start;}}@media all and (max-width: 1024px){.kadence-column2131_9f35e2-c0, .kt-inside-inner-col > .kadence-column2131_9f35e2-c0:not(.specificity){margin-left:0px;}}@media all and (max-width: 767px){.kt-row-column-wrap > .kadence-column2131_9f35e2-c0{align-self:flex-start;}.kt-inner-column-height-full:not(.kt-has-1-columns) > .wp-block-kadence-column.kadence-column2131_9f35e2-c0{align-self:auto;}.kt-inner-column-height-full:not(.kt-has-1-columns) > .wp-block-kadence-column.kadence-column2131_9f35e2-c0 > .kt-inside-inner-col{flex-direction:column;justify-content:flex-start;}.kadence-column2131_9f35e2-c0 > .kt-inside-inner-col{flex-direction:column;justify-content:flex-start;}.kadence-column2131_9f35e2-c0, .kt-inside-inner-col > .kadence-column2131_9f35e2-c0:not(.specificity){margin-left:0px;}}<\/style>\n<div class=\"wp-block-kadence-column kadence-column2131_9f35e2-c0\"><div class=\"kt-inside-inner-col\"><style>.wp-block-kadence-advancedheading.kt-adv-heading2131_c4257f-ea, .wp-block-kadence-advancedheading.kt-adv-heading2131_c4257f-ea[data-kb-block=\"kb-adv-heading2131_c4257f-ea\"]{display:block;padding-bottom:var(--global-kb-spacing-xs, 1rem);text-align:left;font-size:24px;font-style:normal;}.wp-block-kadence-advancedheading.kt-adv-heading2131_c4257f-ea mark.kt-highlight, .wp-block-kadence-advancedheading.kt-adv-heading2131_c4257f-ea[data-kb-block=\"kb-adv-heading2131_c4257f-ea\"] mark.kt-highlight{font-style:normal;color:#f76a0c;-webkit-box-decoration-break:clone;box-decoration-break:clone;padding-top:0px;padding-right:0px;padding-bottom:0px;padding-left:0px;}.wp-block-kadence-advancedheading.kt-adv-heading2131_c4257f-ea img.kb-inline-image, .wp-block-kadence-advancedheading.kt-adv-heading2131_c4257f-ea[data-kb-block=\"kb-adv-heading2131_c4257f-ea\"] img.kb-inline-image{width:150px;vertical-align:baseline;}<\/style>\n<span class=\"kt-adv-heading2131_c4257f-ea wp-block-kadence-advancedheading has-theme-palette-1-color has-text-color\" data-kb-block=\"kb-adv-heading2131_c4257f-ea\"><strong>\u00a1No esperes m\u00e1s para dar el siguiente paso hacia el \u00e9xito!<\/strong><\/span>\n\n\n<style>.wp-block-kadence-advancedheading.kt-adv-heading2131_e6bb37-3d, .wp-block-kadence-advancedheading.kt-adv-heading2131_e6bb37-3d[data-kb-block=\"kb-adv-heading2131_e6bb37-3d\"]{font-style:normal;}.wp-block-kadence-advancedheading.kt-adv-heading2131_e6bb37-3d mark.kt-highlight, .wp-block-kadence-advancedheading.kt-adv-heading2131_e6bb37-3d[data-kb-block=\"kb-adv-heading2131_e6bb37-3d\"] mark.kt-highlight{font-style:normal;color:#f76a0c;-webkit-box-decoration-break:clone;box-decoration-break:clone;padding-top:0px;padding-right:0px;padding-bottom:0px;padding-left:0px;}.wp-block-kadence-advancedheading.kt-adv-heading2131_e6bb37-3d img.kb-inline-image, .wp-block-kadence-advancedheading.kt-adv-heading2131_e6bb37-3d[data-kb-block=\"kb-adv-heading2131_e6bb37-3d\"] img.kb-inline-image{width:150px;vertical-align:baseline;}@media all and (max-width: 1024px){.wp-block-kadence-advancedheading.kt-adv-heading2131_e6bb37-3d, .wp-block-kadence-advancedheading.kt-adv-heading2131_e6bb37-3d[data-kb-block=\"kb-adv-heading2131_e6bb37-3d\"]{text-align:center!important;}}<\/style>\n<p class=\"kt-adv-heading2131_e6bb37-3d wp-block-kadence-advancedheading has-theme-palette-3-color has-text-color\" data-kb-block=\"kb-adv-heading2131_e6bb37-3d\">Si tienes alguna pregunta, necesitas m\u00e1s informaci\u00f3n sobre nuestros servicios o deseas comenzar a trabajar juntos, <strong>no dudes en contactar<\/strong>nos. Estamos disponibles para responder a todas tus consultas y encontrar la mejor soluci\u00f3n para tu negocio.<\/p>\n\n\n\n<h3 class=\"wp-block-heading\"><strong>Informaci\u00f3n de contacto<\/strong><\/h3>\n\n\n\n<ul class=\"wp-block-list\">\n<li>\ud83d\udce7 <strong>Email:<\/strong> <a href=\"mailto:c&#111;&#110;&#116;&#097;&#099;t&#064;amz%6e%61&#118;%69%67%61t&#111;%72.&#099;&#111;m\" class=\"\"><span style=\"display:inline;unicode-bidi:bidi-override;direction:rtl;\">moc.rotagivanzma<span style=\"display:none;\">obfsctd<\/span>&#64;tcatnoc<\/span><\/a><\/li>\n\n\n\n<li>\ud83c\udf10 <strong>Sitio web:<\/strong> <a href=\"https:\/\/amznavigator.com\">amznavigator.com<\/a><\/li>\n\n\n\n<li>\ud83d\udcbc <strong>LinkedIn:<\/strong> <a href=\"https:\/\/www.linkedin.com\/company\/amz-navigator\" target=\"_blank\" rel=\"noreferrer noopener nofollow\">Amznavigator<\/a><\/li>\n<\/ul>\n\n\n\n<h3 class=\"wp-block-heading\"><strong>Horario de atenci\u00f3n<\/strong> a las solicitudes<\/h3>\n\n\n\n<ul class=\"wp-block-list\">\n<li><strong>Lunes:<\/strong> 09:00 &#8211; 17:00 (CET)<\/li>\n\n\n\n<li><strong>Martes:<\/strong> 09:00 &#8211; 17:00 (CET)<\/li>\n\n\n\n<li><strong>Mi\u00e9rcoles:<\/strong> 09:00 &#8211; 17:00 (CET)<\/li>\n\n\n\n<li><strong>Jueves:<\/strong> 09:00 &#8211; 17:00 (CET)<\/li>\n\n\n\n<li><strong>Viernes:<\/strong> 09:00 &#8211; 15:00 (CET)<\/li>\n<\/ul>\n<\/div><\/div>\n\n\n<style>.kadence-column2131_0b63d4-96 > .kt-inside-inner-col{padding-top:var(--global-kb-spacing-xxs, 0.5rem);padding-right:var(--global-kb-spacing-xxs, 0.5rem);padding-bottom:var(--global-kb-spacing-xxs, 0.5rem);padding-left:var(--global-kb-spacing-xxs, 0.5rem);}.kadence-column2131_0b63d4-96 > .kt-inside-inner-col{box-shadow:20px 20px 80px -20px rgba(0, 0, 0, 0.1);}.kadence-column2131_0b63d4-96 > .kt-inside-inner-col,.kadence-column2131_0b63d4-96 > .kt-inside-inner-col:before{border-top-left-radius:10px;border-top-right-radius:10px;border-bottom-right-radius:10px;border-bottom-left-radius:10px;}.kadence-column2131_0b63d4-96 > .kt-inside-inner-col{column-gap:var(--global-kb-gap-sm, 1rem);}.kadence-column2131_0b63d4-96 > .kt-inside-inner-col{flex-direction:column;}.kadence-column2131_0b63d4-96 > .kt-inside-inner-col > .aligncenter{width:100%;}.kadence-column2131_0b63d4-96 > .kt-inside-inner-col{background-color:var(--global-palette9, #ffffff);}.kadence-column2131_0b63d4-96 > .kt-inside-inner-col:before{opacity:0.3;}.kadence-column2131_0b63d4-96{position:relative;}@media all and (max-width: 1024px){.kadence-column2131_0b63d4-96 > .kt-inside-inner-col{flex-direction:column;justify-content:center;}}@media all and (max-width: 1024px){.kadence-column2131_0b63d4-96, .kt-inside-inner-col > .kadence-column2131_0b63d4-96:not(.specificity){margin-right:0px;}}@media all and (max-width: 767px){.kadence-column2131_0b63d4-96 > .kt-inside-inner-col{padding-top:var(--global-kb-spacing-md, 2rem);padding-right:var(--global-kb-spacing-md, 2rem);padding-bottom:var(--global-kb-spacing-md, 2rem);padding-left:var(--global-kb-spacing-md, 2rem);flex-direction:column;justify-content:center;}.kadence-column2131_0b63d4-96, .kt-inside-inner-col > .kadence-column2131_0b63d4-96:not(.specificity){margin-right:0px;}}<\/style>\n<div class=\"wp-block-kadence-column kadence-column2131_0b63d4-96\"><div class=\"kt-inside-inner-col\">\n<ul class=\"wp-block-list\">\n<li>\u00bfNecesitas ayuda para <strong>desbloquear tu cuenta de Amazon<\/strong>? Empieza por rellenar nuestro <strong><a href=\"https:\/\/amznavigator.com\/es\/servicios\/desbloqueo-cuentas-amazon\/\" data-type=\"page\" data-id=\"4597\">Formulario de evaluaci\u00f3n gratuita de cuenta<\/a><\/strong>.<\/li>\n\n\n\n<li>Si est\u00e1 interesado en nuestros servicios de <strong>investigaci\u00f3n de mercado<\/strong> en Amazon, puede comenzar aqu\u00ed: <strong><a href=\"https:\/\/amznavigator.com\/es\/servicios\/estudio-de-mercado-amazon\/\" data-type=\"page\" data-id=\"2809\">Formulario de evaluaci\u00f3n gratuita de investigaci\u00f3n de mercado<\/a><\/strong>.<\/li>\n<\/ul>\n\n\n\n<p class=\"has-text-align-center\">Para cualquier otra consulta, por favor utilice el formulario de contacto a continuaci\u00f3n:<\/p>\n\n\n<style>.wp-block-kadence-advancedheading.kt-adv-heading2131_6e59f8-86, .wp-block-kadence-advancedheading.kt-adv-heading2131_6e59f8-86[data-kb-block=\"kb-adv-heading2131_6e59f8-86\"]{text-align:center;font-style:normal;}.wp-block-kadence-advancedheading.kt-adv-heading2131_6e59f8-86 mark.kt-highlight, .wp-block-kadence-advancedheading.kt-adv-heading2131_6e59f8-86[data-kb-block=\"kb-adv-heading2131_6e59f8-86\"] mark.kt-highlight{font-style:normal;color:#f76a0c;-webkit-box-decoration-break:clone;box-decoration-break:clone;padding-top:0px;padding-right:0px;padding-bottom:0px;padding-left:0px;}.wp-block-kadence-advancedheading.kt-adv-heading2131_6e59f8-86 img.kb-inline-image, .wp-block-kadence-advancedheading.kt-adv-heading2131_6e59f8-86[data-kb-block=\"kb-adv-heading2131_6e59f8-86\"] img.kb-inline-image{width:150px;vertical-align:baseline;}<\/style>\n<h3 class=\"kt-adv-heading2131_6e59f8-86 wp-block-kadence-advancedheading\" data-kb-block=\"kb-adv-heading2131_6e59f8-86\">Formulario de contacto<\/h3>\n\n\n\n<iframe\n  src=\"https:\/\/link.ai-funnels.com\/widget\/form\/THrxN4HS29UzhkiUyJUd\"\n  style=\"width:100%;height:100%;border:none;border-radius:3px\"\n  id=\"inline-THrxN4HS29UzhkiUyJUd\" \n  data-layout=\"{'id':'INLINE'}\"\n  data-trigger-type=\"alwaysShow\"\n  data-trigger-value=\"\"\n  data-activation-type=\"alwaysActivated\"\n  data-activation-value=\"\"\n  data-deactivation-type=\"neverDeactivate\"\n  data-deactivation-value=\"\"\n  data-form-name=\"Formulario de contacto\"\n  data-height=\"1030\"\n  data-layout-iframe-id=\"inline-THrxN4HS29UzhkiUyJUd\"\n  data-form-id=\"THrxN4HS29UzhkiUyJUd\"\n  title=\"Formulario de contacto\"\n      >\n<\/iframe>\n<script src=\"https:\/\/link.ai-funnels.com\/js\/form_embed.js\"><\/script>\n<\/div><\/div>\n\n<\/div><\/div>","protected":false},"excerpt":{"rendered":"<p>Contacto Estamos aqu\u00ed para responder a cualquier pregunta. No dudes en ponerte en contacto con nosotros, estaremos encantados de ayudarte. \u00a1No esperes m\u00e1s para dar el siguiente paso hacia el \u00e9xito! Si tienes alguna pregunta, necesitas m\u00e1s informaci\u00f3n sobre nuestros servicios o deseas comenzar a trabajar juntos, no dudes en contactarnos. Estamos disponibles para responder&#8230;<\/p>\n","protected":false},"author":1,"featured_media":3664,"parent":0,"menu_order":2,"comment_status":"closed","ping_status":"closed","template":"","meta":{"_kad_blocks_custom_css":"","_kad_blocks_head_custom_js":"","_kad_blocks_body_custom_js":"","_kad_blocks_footer_custom_js":"","_kadence_starter_templates_imported_post":true,"_kad_post_transparent":"","_kad_post_title":"hide","_kad_post_layout":"fullwidth","_kad_post_sidebar_id":"","_kad_post_content_style":"unboxed","_kad_post_vertical_padding":"hide","_kad_post_feature":"hide","_kad_post_feature_position":"","_kad_post_header":false,"_kad_post_footer":false,"_kad_post_classname":"","footnotes":""},"class_list":["post-2131","page","type-page","status-publish","has-post-thumbnail","hentry"],"taxonomy_info":[],"featured_image_src_large":["https:\/\/amznavigator.com\/wp-content\/uploads\/2024\/11\/Contacto-SeriRed-Consultores-Expertos-en-Amazon-1024x680.jpg",1024,680,true],"author_info":{"display_name":"Mario","author_link":"https:\/\/amznavigator.com\/es\/author\/b656a33c6049ce0b\/"},"comment_info":0,"_links":{"self":[{"href":"https:\/\/amznavigator.com\/es\/wp-json\/wp\/v2\/pages\/2131","targetHints":{"allow":["GET"]}}],"collection":[{"href":"https:\/\/amznavigator.com\/es\/wp-json\/wp\/v2\/pages"}],"about":[{"href":"https:\/\/amznavigator.com\/es\/wp-json\/wp\/v2\/types\/page"}],"author":[{"embeddable":true,"href":"https:\/\/amznavigator.com\/es\/wp-json\/wp\/v2\/users\/1"}],"replies":[{"embeddable":true,"href":"https:\/\/amznavigator.com\/es\/wp-json\/wp\/v2\/comments?post=2131"}],"version-history":[{"count":9,"href":"https:\/\/amznavigator.com\/es\/wp-json\/wp\/v2\/pages\/2131\/revisions"}],"predecessor-version":[{"id":5038,"href":"https:\/\/amznavigator.com\/es\/wp-json\/wp\/v2\/pages\/2131\/revisions\/5038"}],"wp:featuredmedia":[{"embeddable":true,"href":"https:\/\/amznavigator.com\/es\/wp-json\/wp\/v2\/media\/3664"}],"wp:attachment":[{"href":"https:\/\/amznavigator.com\/es\/wp-json\/wp\/v2\/media?parent=2131"}],"curies":[{"name":"wp","href":"https:\/\/api.w.org\/{rel}","templated":true}]}}