{"id":2819,"date":"2024-10-28T01:34:49","date_gmt":"2024-10-27T23:34:49","guid":{"rendered":"https:\/\/amznavigator.com\/?page_id=2819"},"modified":"2026-04-10T23:56:07","modified_gmt":"2026-04-10T21:56:07","slug":"faq","status":"publish","type":"page","link":"https:\/\/amznavigator.com\/es\/faq\/","title":{"rendered":"FAQ"},"content":{"rendered":"<style>.kb-row-layout-wrap.wp-block-kadence-rowlayout.kb-row-layout-id2819_f7cb84-f3{margin-top:0px;margin-bottom:0px;}.kb-row-layout-id2819_f7cb84-f3 > .kt-row-column-wrap{align-content:start;}:where(.kb-row-layout-id2819_f7cb84-f3 > .kt-row-column-wrap) > .wp-block-kadence-column{justify-content:start;}.kb-row-layout-id2819_f7cb84-f3 > .kt-row-column-wrap{column-gap:var(--global-kb-gap-none, 0rem );row-gap:var(--global-kb-gap-md, 2rem);max-width:1140px;margin-left:auto;margin-right:auto;padding-top:76px;padding-right:10px;padding-bottom:60px;padding-left:10px;grid-template-columns:minmax(0, calc(72% - ((var(--global-kb-gap-none, 0rem ) * 1 )\/2)))minmax(0, calc(28% - ((var(--global-kb-gap-none, 0rem ) * 1 )\/2)));}.kb-row-layout-id2819_f7cb84-f3{background-image:url('https:\/\/amznavigator.com\/wp-content\/uploads\/2024\/10\/faq.jpg');background-size:cover;background-position:50% 42%;background-attachment:scroll;background-repeat:no-repeat;}.kb-row-layout-id2819_f7cb84-f3 > .kt-row-layout-overlay{opacity:0.90;background-color:var(--global-palette10, #3182CE);}@media all and (max-width: 1024px){.kb-row-layout-id2819_f7cb84-f3 > .kt-row-column-wrap{padding-top:120px;padding-right:120px;padding-bottom:60px;padding-left:60px;grid-template-columns:minmax(0, 2fr) minmax(0, 1fr);}}@media all and (max-width: 767px){.kb-row-layout-id2819_f7cb84-f3 > .kt-row-column-wrap{padding-top:120px;padding-right:20px;padding-bottom:30px;padding-left:20px;grid-template-columns:minmax(0, 1fr);}}<\/style><div class=\"kb-row-layout-wrap kb-row-layout-id2819_f7cb84-f3 alignnone kt-row-has-bg wp-block-kadence-rowlayout\"><div class=\"kt-row-layout-overlay kt-row-overlay-normal\"><\/div><div class=\"kt-row-column-wrap kt-has-2-columns kt-row-layout-left-golden kt-tab-layout-inherit kt-mobile-layout-row kt-row-valign-top\">\n<style>.kadence-column2819_2633f2-4a > .kt-inside-inner-col,.kadence-column2819_2633f2-4a > .kt-inside-inner-col:before{border-top-left-radius:0px;border-top-right-radius:0px;border-bottom-right-radius:0px;border-bottom-left-radius:0px;}.kadence-column2819_2633f2-4a > .kt-inside-inner-col{column-gap:var(--global-kb-gap-sm, 1rem);}.kadence-column2819_2633f2-4a > .kt-inside-inner-col{flex-direction:column;}.kadence-column2819_2633f2-4a > .kt-inside-inner-col > .aligncenter{width:100%;}.kadence-column2819_2633f2-4a > .kt-inside-inner-col:before{opacity:0.3;}.kadence-column2819_2633f2-4a{position:relative;}@media all and (max-width: 1024px){.kadence-column2819_2633f2-4a > .kt-inside-inner-col{flex-direction:column;justify-content:center;}}@media all and (max-width: 767px){.kadence-column2819_2633f2-4a > .kt-inside-inner-col{flex-direction:column;justify-content:center;}}<\/style>\n<div class=\"wp-block-kadence-column kadence-column2819_2633f2-4a inner-column-1\"><div class=\"kt-inside-inner-col\"><style>.wp-block-kadence-advancedheading.kt-adv-heading2819_ef2035-23, .wp-block-kadence-advancedheading.kt-adv-heading2819_ef2035-23[data-kb-block=\"kb-adv-heading2819_ef2035-23\"]{font-size:60px;line-height:1em;font-style:normal;letter-spacing:-2px;color:#ffffff;}.wp-block-kadence-advancedheading.kt-adv-heading2819_ef2035-23 mark.kt-highlight, .wp-block-kadence-advancedheading.kt-adv-heading2819_ef2035-23[data-kb-block=\"kb-adv-heading2819_ef2035-23\"] mark.kt-highlight{font-style:normal;color:#f76a0c;-webkit-box-decoration-break:clone;box-decoration-break:clone;padding-top:0px;padding-right:0px;padding-bottom:0px;padding-left:0px;}.wp-block-kadence-advancedheading.kt-adv-heading2819_ef2035-23 img.kb-inline-image, .wp-block-kadence-advancedheading.kt-adv-heading2819_ef2035-23[data-kb-block=\"kb-adv-heading2819_ef2035-23\"] img.kb-inline-image{width:150px;vertical-align:baseline;}@media all and (max-width: 1024px){.wp-block-kadence-advancedheading.kt-adv-heading2819_ef2035-23, .wp-block-kadence-advancedheading.kt-adv-heading2819_ef2035-23[data-kb-block=\"kb-adv-heading2819_ef2035-23\"]{font-size:60px;}}@media all and (max-width: 767px){.wp-block-kadence-advancedheading.kt-adv-heading2819_ef2035-23, .wp-block-kadence-advancedheading.kt-adv-heading2819_ef2035-23[data-kb-block=\"kb-adv-heading2819_ef2035-23\"]{font-size:45px;}}<\/style>\n<h1 class=\"kt-adv-heading2819_ef2035-23 wp-block-kadence-advancedheading\" data-kb-block=\"kb-adv-heading2819_ef2035-23\">Preguntas frecuentes<\/h1>\n<\/div><\/div>\n\n\n<style>.kadence-column2819_cebfdc-75 > .kt-inside-inner-col,.kadence-column2819_cebfdc-75 > .kt-inside-inner-col:before{border-top-left-radius:0px;border-top-right-radius:0px;border-bottom-right-radius:0px;border-bottom-left-radius:0px;}.kadence-column2819_cebfdc-75 > .kt-inside-inner-col{column-gap:var(--global-kb-gap-sm, 1rem);}.kadence-column2819_cebfdc-75 > .kt-inside-inner-col{flex-direction:column;}.kadence-column2819_cebfdc-75 > .kt-inside-inner-col > .aligncenter{width:100%;}.kadence-column2819_cebfdc-75 > .kt-inside-inner-col:before{opacity:0.3;}.kadence-column2819_cebfdc-75{position:relative;}@media all and (max-width: 1024px){.kadence-column2819_cebfdc-75 > .kt-inside-inner-col{flex-direction:column;justify-content:center;}}@media all and (max-width: 767px){.kadence-column2819_cebfdc-75 > .kt-inside-inner-col{flex-direction:column;justify-content:center;}}<\/style>\n<div class=\"wp-block-kadence-column kadence-column2819_cebfdc-75 inner-column-2\"><div class=\"kt-inside-inner-col\"><\/div><\/div>\n\n<\/div><\/div>\n\n<style>.kb-row-layout-id2819_1eae28-76 > .kt-row-column-wrap{align-content:start;}:where(.kb-row-layout-id2819_1eae28-76 > .kt-row-column-wrap) > .wp-block-kadence-column{justify-content:start;}.kb-row-layout-id2819_1eae28-76 > .kt-row-column-wrap{column-gap:var(--global-kb-gap-md, 2rem);row-gap:var(--global-kb-gap-md, 2rem);max-width:var( --global-content-width, 1170px );padding-left:var(--global-content-edge-padding);padding-right:var(--global-content-edge-padding);padding-top:var(--global-kb-spacing-sm, 1.5rem);padding-bottom:var(--global-kb-spacing-sm, 1.5rem);grid-template-columns:minmax(0, 1fr);}.kb-row-layout-id2819_1eae28-76 > .kt-row-layout-overlay{opacity:0.30;}@media all and (max-width: 1024px){.kb-row-layout-id2819_1eae28-76 > .kt-row-column-wrap{grid-template-columns:minmax(0, 1fr);}}@media all and (max-width: 767px){.kb-row-layout-id2819_1eae28-76 > .kt-row-column-wrap{grid-template-columns:minmax(0, 1fr);}}<\/style><div class=\"kb-row-layout-wrap kb-row-layout-id2819_1eae28-76 alignnone wp-block-kadence-rowlayout\"><div class=\"kt-row-column-wrap kt-has-1-columns kt-row-layout-equal kt-tab-layout-inherit kt-mobile-layout-row kt-row-valign-top kb-theme-content-width\">\n<style>.kadence-column2819_1c71ce-61 > .kt-inside-inner-col,.kadence-column2819_1c71ce-61 > .kt-inside-inner-col:before{border-top-left-radius:0px;border-top-right-radius:0px;border-bottom-right-radius:0px;border-bottom-left-radius:0px;}.kadence-column2819_1c71ce-61 > .kt-inside-inner-col{column-gap:var(--global-kb-gap-sm, 1rem);}.kadence-column2819_1c71ce-61 > .kt-inside-inner-col{flex-direction:column;}.kadence-column2819_1c71ce-61 > .kt-inside-inner-col > .aligncenter{width:100%;}.kadence-column2819_1c71ce-61 > .kt-inside-inner-col:before{opacity:0.3;}.kadence-column2819_1c71ce-61{position:relative;}@media all and (max-width: 1024px){.kadence-column2819_1c71ce-61 > .kt-inside-inner-col{flex-direction:column;justify-content:center;}}@media all and (max-width: 767px){.kadence-column2819_1c71ce-61 > .kt-inside-inner-col{flex-direction:column;justify-content:center;}}<\/style>\n<div class=\"wp-block-kadence-column kadence-column2819_1c71ce-61\"><div class=\"kt-inside-inner-col\"><style>.wp-block-kadence-advancedheading.kt-adv-heading2819_fe6e69-de, .wp-block-kadence-advancedheading.kt-adv-heading2819_fe6e69-de[data-kb-block=\"kb-adv-heading2819_fe6e69-de\"]{font-style:normal;}.wp-block-kadence-advancedheading.kt-adv-heading2819_fe6e69-de mark.kt-highlight, .wp-block-kadence-advancedheading.kt-adv-heading2819_fe6e69-de[data-kb-block=\"kb-adv-heading2819_fe6e69-de\"] mark.kt-highlight{font-style:normal;color:#f76a0c;-webkit-box-decoration-break:clone;box-decoration-break:clone;padding-top:0px;padding-right:0px;padding-bottom:0px;padding-left:0px;}.wp-block-kadence-advancedheading.kt-adv-heading2819_fe6e69-de img.kb-inline-image, .wp-block-kadence-advancedheading.kt-adv-heading2819_fe6e69-de[data-kb-block=\"kb-adv-heading2819_fe6e69-de\"] img.kb-inline-image{width:150px;vertical-align:baseline;}<\/style>\n<h2 class=\"kt-adv-heading2819_fe6e69-de wp-block-kadence-advancedheading\" data-kb-block=\"kb-adv-heading2819_fe6e69-de\">FAQ<\/h2>\n\n\n<style>.wp-block-kadence-advancedheading.kt-adv-heading2819_e46832-2d, .wp-block-kadence-advancedheading.kt-adv-heading2819_e46832-2d[data-kb-block=\"kb-adv-heading2819_e46832-2d\"]{font-size:var(--global-kb-font-size-md, 1.25rem);font-style:normal;}.wp-block-kadence-advancedheading.kt-adv-heading2819_e46832-2d mark.kt-highlight, .wp-block-kadence-advancedheading.kt-adv-heading2819_e46832-2d[data-kb-block=\"kb-adv-heading2819_e46832-2d\"] mark.kt-highlight{font-style:normal;color:#f76a0c;-webkit-box-decoration-break:clone;box-decoration-break:clone;padding-top:0px;padding-right:0px;padding-bottom:0px;padding-left:0px;}.wp-block-kadence-advancedheading.kt-adv-heading2819_e46832-2d img.kb-inline-image, .wp-block-kadence-advancedheading.kt-adv-heading2819_e46832-2d[data-kb-block=\"kb-adv-heading2819_e46832-2d\"] img.kb-inline-image{width:150px;vertical-align:baseline;}<\/style>\n<p class=\"kt-adv-heading2819_e46832-2d wp-block-kadence-advancedheading\" data-kb-block=\"kb-adv-heading2819_e46832-2d\">Aqu\u00ed encontrar\u00e1s respuestas a las preguntas m\u00e1s comunes sobre nuestros servicios. Si tienes alguna otra duda, no dudes en <a href=\"https:\/\/amznavigator.com\/es\/contacto\/\" data-type=\"page\" data-id=\"2131\">contactarnos<\/a>.<\/p>\n<\/div><\/div>\n\n<\/div><\/div>\n\n<style>.kb-row-layout-id2819_e087a8-e6 > .kt-row-column-wrap{align-content:start;}:where(.kb-row-layout-id2819_e087a8-e6 > .kt-row-column-wrap) > .wp-block-kadence-column{justify-content:start;}.kb-row-layout-id2819_e087a8-e6 > .kt-row-column-wrap{column-gap:var(--global-kb-gap-md, 2rem);row-gap:var(--global-kb-gap-md, 2rem);max-width:var( --global-content-width, 1170px );padding-left:var(--global-content-edge-padding);padding-right:var(--global-content-edge-padding);padding-top:var(--global-kb-spacing-sm, 1.5rem);padding-bottom:var(--global-kb-spacing-sm, 1.5rem);grid-template-columns:minmax(0, 1fr);}.kb-row-layout-id2819_e087a8-e6 > .kt-row-layout-overlay{opacity:0.30;}@media all and (max-width: 1024px){.kb-row-layout-id2819_e087a8-e6 > .kt-row-column-wrap{grid-template-columns:minmax(0, 1fr);}}@media all and (max-width: 767px){.kb-row-layout-id2819_e087a8-e6 > .kt-row-column-wrap{grid-template-columns:minmax(0, 1fr);}}<\/style><div class=\"kb-row-layout-wrap kb-row-layout-id2819_e087a8-e6 alignnone wp-block-kadence-rowlayout\"><div class=\"kt-row-column-wrap kt-has-1-columns kt-row-layout-equal kt-tab-layout-inherit kt-mobile-layout-row kt-row-valign-top kb-theme-content-width\">\n<style>.kadence-column2819_21bb1c-36 > .kt-inside-inner-col,.kadence-column2819_21bb1c-36 > .kt-inside-inner-col:before{border-top-left-radius:0px;border-top-right-radius:0px;border-bottom-right-radius:0px;border-bottom-left-radius:0px;}.kadence-column2819_21bb1c-36 > .kt-inside-inner-col{column-gap:var(--global-kb-gap-sm, 1rem);}.kadence-column2819_21bb1c-36 > .kt-inside-inner-col{flex-direction:column;}.kadence-column2819_21bb1c-36 > .kt-inside-inner-col > .aligncenter{width:100%;}.kadence-column2819_21bb1c-36 > .kt-inside-inner-col:before{opacity:0.3;}.kadence-column2819_21bb1c-36{position:relative;}@media all and (max-width: 1024px){.kadence-column2819_21bb1c-36 > .kt-inside-inner-col{flex-direction:column;justify-content:center;}}@media all and (max-width: 767px){.kadence-column2819_21bb1c-36 > .kt-inside-inner-col{flex-direction:column;justify-content:center;}}<\/style>\n<div class=\"wp-block-kadence-column kadence-column2819_21bb1c-36\"><div class=\"kt-inside-inner-col\"><div id=\"rank-math-faq\" class=\"rank-math-block\">\n<ol class=\"rank-math-list \">\n<li id=\"faq-question-1730224871235\" class=\"rank-math-list-item\">\n<h3 class=\"rank-math-question \">\u00bfRealiz\u00e1is estudios de mercado para cualquier tipo de producto?<\/h3>\n<div class=\"rank-math-answer \">\n\n<p>S\u00ed, realizamos estudios de mercado personalizados para una amplia gama de productos, analizando la competencia, demanda y tendencias para identificar <strong>oportunidades rentables<\/strong>.<\/p>\n\n<\/div>\n<\/li>\n<li id=\"faq-question-1735510631051\" class=\"rank-math-list-item\">\n<h3 class=\"rank-math-question \">\u00bfMi informaci\u00f3n estar\u00e1 segura?<\/h3>\n<div class=\"rank-math-answer \">\n\n<p>Absolutamente. Tratamos tu informaci\u00f3n con total discreci\u00f3n y profesionalismo.<\/p>\n\n<\/div>\n<\/li>\n<li id=\"faq-question-1730224511730\" class=\"rank-math-list-item\">\n<h3 class=\"rank-math-question \">\u00bfC\u00f3mo puedo saber si necesito vuestros servicios?<\/h3>\n<div class=\"rank-math-answer \">\n\n<p>Si eres un vendedor en Amazon que enfrenta desaf\u00edos como una cuenta bloqueada o incertidumbre sobre qu\u00e9 productos lanzar, nuestros servicios est\u00e1n dise\u00f1ados para ayudarte a superar estos obst\u00e1culos y alcanzar tus objetivos.<\/p>\n\n<\/div>\n<\/li>\n<li id=\"faq-question-1730224561508\" class=\"rank-math-list-item\">\n<h3 class=\"rank-math-question \">\u00bfC\u00f3mo es el proceso para recuperar una cuenta bloqueada en Amazon?<\/h3>\n<div class=\"rank-math-answer \">\n\n<p>El proceso comienza con una evaluaci\u00f3n detallada de las razones de la suspensi\u00f3n. Luego, elaboramos un <strong>plan de acci\u00f3n personalizado<\/strong> que cumple con las pol\u00edticas de Amazon y gestionamos la comunicaci\u00f3n con el equipo de soporte para lograr la reactivaci\u00f3n de tu cuenta.<\/p>\n\n<\/div>\n<\/li>\n<li id=\"faq-question-1730224654591\" class=\"rank-math-list-item\">\n<h3 class=\"rank-math-question \">\u00bfCu\u00e1nto tiempo tarda la recuperaci\u00f3n de una cuenta bloqueada?<\/h3>\n<div class=\"rank-math-answer \">\n\n<p>El tiempo puede variar seg\u00fan la complejidad del caso y la respuesta de Amazon, pero generalmente logramos resultados en un plazo de <strong>7 a 15 d\u00edas h\u00e1biles<\/strong>.<\/p>\n\n<\/div>\n<\/li>\n<li id=\"faq-question-1730224906761\" class=\"rank-math-list-item\">\n<h3 class=\"rank-math-question \">\u00bfOfrec\u00e9is servicios de gesti\u00f3n completa de la cuenta de Amazon?<\/h3>\n<div class=\"rank-math-answer \">\n\n<p>No. Actualmente nos especializamos en<strong> desbloqueo de cuentas Amazon<\/strong>.<\/p>\n\n<\/div>\n<\/li>\n<li id=\"faq-question-1730225073574\" class=\"rank-math-list-item\">\n<h3 class=\"rank-math-question \">\u00bfTrabaj\u00e1is con vendedores de Amazon de cualquier pa\u00eds?<\/h3>\n<div class=\"rank-math-answer \">\n\n<p>S\u00ed, ofrecemos nuestros servicios a vendedores de Amazon a nivel <strong>internacional<\/strong> y podemos adaptarnos a las necesidades espec\u00edficas de cada mercado.<\/p>\n\n<\/div>\n<\/li>\n<li id=\"faq-question-1730225114566\" class=\"rank-math-list-item\">\n<h3 class=\"rank-math-question \">\u00bfC\u00f3mo puedo empezar a trabajar con vosotros?<\/h3>\n<div class=\"rank-math-answer \">\n\n<p>Si est\u00e1 interesado en recibir ayuda para desbloquear su cuenta de Amazon, empiece aqu\u00ed: <strong><a href=\"https:\/\/amznavigator.com\/es\/servicios\/desbloqueo-cuentas-amazon\/\" data-type=\"page\" data-id=\"4597\">Formulario de evaluaci\u00f3n gratuita de cuenta<\/a><\/strong>.<br \/>Si est\u00e1 interesado en nuestros servicios de investigaci\u00f3n de mercado en Amazon, puede comenzar aqu\u00ed: <strong><a href=\"https:\/\/amznavigator.com\/es\/servicios\/estudio-de-mercado-amazon\/\" data-type=\"page\" data-id=\"2809\">Formulario de evaluaci\u00f3n gratuita de investigaci\u00f3n de mercado<\/a><\/strong>.<br \/>Una vez que env\u00ede su solicitud, le guiaremos en los siguientes pasos.<\/p>\n\n<\/div>\n<\/li>\n<li id=\"faq-question-1730225245488\" class=\"rank-math-list-item\">\n<h3 class=\"rank-math-question \">\u00bfOfrec\u00e9is garant\u00edas sobre los resultados de vuestros servicios?<\/h3>\n<div class=\"rank-math-answer \">\n\n<p>Si bien no podemos ofrecer una garant\u00eda por escrito \u2014ya que la decisi\u00f3n final la toma Amazon\u2014, nuestro equipo cuenta con una amplia experiencia y <strong>una metodolog\u00eda probada<\/strong> que de manera constante <strong>genera resultados positivos para nuestros clientes<\/strong>. Confiamos en la efectividad de nuestro enfoque y siempre trabajamos con dedicaci\u00f3n para lograr el mejor resultado posible en su caso.<\/p>\n\n<\/div>\n<\/li>\n<\/ol>\n<\/div><\/div><\/div>\n\n<\/div><\/div>\n\n<style>.kb-row-layout-id2819_0f3b1b-f0 > .kt-row-column-wrap{align-content:start;}:where(.kb-row-layout-id2819_0f3b1b-f0 > .kt-row-column-wrap) > .wp-block-kadence-column{justify-content:start;}.kb-row-layout-id2819_0f3b1b-f0 > .kt-row-column-wrap{column-gap:var(--global-kb-gap-md, 2rem);row-gap:var(--global-kb-gap-md, 2rem);max-width:var( --global-content-width, 1170px );padding-left:var(--global-content-edge-padding);padding-right:var(--global-content-edge-padding);padding-top:var(--global-kb-spacing-sm, 1.5rem);padding-bottom:var(--global-kb-spacing-sm, 1.5rem);grid-template-columns:minmax(0, 1fr);}.kb-row-layout-id2819_0f3b1b-f0 > .kt-row-layout-overlay{opacity:0.30;}@media all and (max-width: 1024px){.kb-row-layout-id2819_0f3b1b-f0 > .kt-row-column-wrap{grid-template-columns:minmax(0, 1fr);}}@media all and (max-width: 767px){.kb-row-layout-id2819_0f3b1b-f0 > .kt-row-column-wrap{grid-template-columns:minmax(0, 1fr);}}<\/style><div class=\"kb-row-layout-wrap kb-row-layout-id2819_0f3b1b-f0 alignnone wp-block-kadence-rowlayout\"><div class=\"kt-row-column-wrap kt-has-1-columns kt-row-layout-equal kt-tab-layout-inherit kt-mobile-layout-row kt-row-valign-top kb-theme-content-width\">\n<style>.kadence-column2819_ede111-e5 > .kt-inside-inner-col,.kadence-column2819_ede111-e5 > .kt-inside-inner-col:before{border-top-left-radius:0px;border-top-right-radius:0px;border-bottom-right-radius:0px;border-bottom-left-radius:0px;}.kadence-column2819_ede111-e5 > .kt-inside-inner-col{column-gap:var(--global-kb-gap-sm, 1rem);}.kadence-column2819_ede111-e5 > .kt-inside-inner-col{flex-direction:column;}.kadence-column2819_ede111-e5 > .kt-inside-inner-col > .aligncenter{width:100%;}.kadence-column2819_ede111-e5 > .kt-inside-inner-col:before{opacity:0.3;}.kadence-column2819_ede111-e5{position:relative;}@media all and (max-width: 1024px){.kadence-column2819_ede111-e5 > .kt-inside-inner-col{flex-direction:column;justify-content:center;}}@media all and (max-width: 767px){.kadence-column2819_ede111-e5 > .kt-inside-inner-col{flex-direction:column;justify-content:center;}}<\/style>\n<div class=\"wp-block-kadence-column kadence-column2819_ede111-e5\"><div class=\"kt-inside-inner-col\"><style>.wp-block-kadence-advancedheading.kt-adv-heading2819_5efac0-dd, .wp-block-kadence-advancedheading.kt-adv-heading2819_5efac0-dd[data-kb-block=\"kb-adv-heading2819_5efac0-dd\"]{text-align:center;font-size:var(--global-kb-font-size-md, 1.25rem);font-style:normal;}.wp-block-kadence-advancedheading.kt-adv-heading2819_5efac0-dd mark.kt-highlight, .wp-block-kadence-advancedheading.kt-adv-heading2819_5efac0-dd[data-kb-block=\"kb-adv-heading2819_5efac0-dd\"] mark.kt-highlight{font-style:normal;color:#f76a0c;-webkit-box-decoration-break:clone;box-decoration-break:clone;padding-top:0px;padding-right:0px;padding-bottom:0px;padding-left:0px;}.wp-block-kadence-advancedheading.kt-adv-heading2819_5efac0-dd img.kb-inline-image, .wp-block-kadence-advancedheading.kt-adv-heading2819_5efac0-dd[data-kb-block=\"kb-adv-heading2819_5efac0-dd\"] img.kb-inline-image{width:150px;vertical-align:baseline;}<\/style>\n<p class=\"kt-adv-heading2819_5efac0-dd wp-block-kadence-advancedheading\" data-kb-block=\"kb-adv-heading2819_5efac0-dd\">\u00bfNo has encontrado la respuesta que estas buscando?<\/p>\n\n\n<style>.wp-block-kadence-advancedheading.kt-adv-heading2819_9b042c-41, .wp-block-kadence-advancedheading.kt-adv-heading2819_9b042c-41[data-kb-block=\"kb-adv-heading2819_9b042c-41\"]{text-align:center;font-style:normal;}.wp-block-kadence-advancedheading.kt-adv-heading2819_9b042c-41 mark.kt-highlight, .wp-block-kadence-advancedheading.kt-adv-heading2819_9b042c-41[data-kb-block=\"kb-adv-heading2819_9b042c-41\"] mark.kt-highlight{font-style:normal;color:#f76a0c;-webkit-box-decoration-break:clone;box-decoration-break:clone;padding-top:0px;padding-right:0px;padding-bottom:0px;padding-left:0px;}.wp-block-kadence-advancedheading.kt-adv-heading2819_9b042c-41 img.kb-inline-image, .wp-block-kadence-advancedheading.kt-adv-heading2819_9b042c-41[data-kb-block=\"kb-adv-heading2819_9b042c-41\"] img.kb-inline-image{width:150px;vertical-align:baseline;}<\/style>\n<p class=\"kt-adv-heading2819_9b042c-41 wp-block-kadence-advancedheading\" data-kb-block=\"kb-adv-heading2819_9b042c-41\">Estamos aqu\u00ed para resolver cualquier duda que puedas tener. No dudes en <a href=\"https:\/\/amznavigator.com\/es\/contacto\/\" data-type=\"page\" data-id=\"2131\"><strong>contactarnos<\/strong><\/a> y con gusto te asistiremos.<\/p>\n<\/div><\/div>\n\n<\/div><\/div>\n\n<style>.kb-row-layout-id2819_adc644-50 > .kt-row-column-wrap{align-content:start;}:where(.kb-row-layout-id2819_adc644-50 > .kt-row-column-wrap) > .wp-block-kadence-column{justify-content:start;}.kb-row-layout-id2819_adc644-50 > .kt-row-column-wrap{column-gap:var(--global-kb-gap-md, 2rem);row-gap:var(--global-kb-gap-md, 2rem);max-width:var( --global-content-width, 1170px );padding-left:var(--global-content-edge-padding);padding-right:var(--global-content-edge-padding);padding-top:var(--global-kb-spacing-sm, 1.5rem);padding-bottom:var(--global-kb-spacing-sm, 1.5rem);grid-template-columns:minmax(0, 1fr);}.kb-row-layout-id2819_adc644-50 > .kt-row-layout-overlay{opacity:0.30;}@media all and (max-width: 1024px){.kb-row-layout-id2819_adc644-50 > .kt-row-column-wrap{grid-template-columns:minmax(0, 1fr);}}@media all and (max-width: 767px){.kb-row-layout-id2819_adc644-50 > .kt-row-column-wrap{grid-template-columns:minmax(0, 1fr);}}<\/style><div class=\"kb-row-layout-wrap kb-row-layout-id2819_adc644-50 alignnone wp-block-kadence-rowlayout\"><div class=\"kt-row-column-wrap kt-has-1-columns kt-row-layout-equal kt-tab-layout-inherit kt-mobile-layout-row kt-row-valign-top kb-theme-content-width\">\n<style>.kadence-column2819_98f0da-a9 > .kt-inside-inner-col,.kadence-column2819_98f0da-a9 > .kt-inside-inner-col:before{border-top-left-radius:0px;border-top-right-radius:0px;border-bottom-right-radius:0px;border-bottom-left-radius:0px;}.kadence-column2819_98f0da-a9 > .kt-inside-inner-col{column-gap:var(--global-kb-gap-sm, 1rem);}.kadence-column2819_98f0da-a9 > .kt-inside-inner-col{flex-direction:column;}.kadence-column2819_98f0da-a9 > .kt-inside-inner-col > .aligncenter{width:100%;}.kadence-column2819_98f0da-a9 > .kt-inside-inner-col:before{opacity:0.3;}.kadence-column2819_98f0da-a9{position:relative;}@media all and (max-width: 1024px){.kadence-column2819_98f0da-a9 > .kt-inside-inner-col{flex-direction:column;justify-content:center;}}@media all and (max-width: 767px){.kadence-column2819_98f0da-a9 > .kt-inside-inner-col{flex-direction:column;justify-content:center;}}<\/style>\n<div class=\"wp-block-kadence-column kadence-column2819_98f0da-a9\"><div class=\"kt-inside-inner-col\"><style>.wp-block-kadence-spacer.kt-block-spacer-2819_5ff5f3-fa .kt-block-spacer{height:60px;}.wp-block-kadence-spacer.kt-block-spacer-2819_5ff5f3-fa .kt-divider{border-top-width:1px;height:1px;border-top-color:#eee;width:80%;border-top-style:solid;}<\/style>\n<div class=\"wp-block-kadence-spacer aligncenter kt-block-spacer-2819_5ff5f3-fa\"><div class=\"kt-block-spacer kt-block-spacer-halign-center\"><hr class=\"kt-divider\"\/><\/div><\/div>\n<\/div><\/div>\n\n<\/div><\/div>","protected":false},"excerpt":{"rendered":"<p>Preguntas frecuentes FAQ Aqu\u00ed encontrar\u00e1s respuestas a las preguntas m\u00e1s comunes sobre nuestros servicios. Si tienes alguna otra duda, no dudes en contactarnos. \u00bfNo has encontrado la respuesta que estas buscando? Estamos aqu\u00ed para resolver cualquier duda que puedas tener. No dudes en contactarnos y con gusto te asistiremos.<\/p>\n","protected":false},"author":1,"featured_media":3658,"parent":0,"menu_order":12,"comment_status":"closed","ping_status":"closed","template":"","meta":{"_kad_blocks_custom_css":"","_kad_blocks_head_custom_js":"","_kad_blocks_body_custom_js":"","_kad_blocks_footer_custom_js":"","_kadence_starter_templates_imported_post":false,"_kad_post_transparent":"disable","_kad_post_title":"hide","_kad_post_layout":"fullwidth","_kad_post_sidebar_id":"","_kad_post_content_style":"unboxed","_kad_post_vertical_padding":"hide","_kad_post_feature":"","_kad_post_feature_position":"","_kad_post_header":false,"_kad_post_footer":false,"_kad_post_classname":"","footnotes":""},"class_list":["post-2819","page","type-page","status-publish","has-post-thumbnail","hentry"],"taxonomy_info":[],"featured_image_src_large":["https:\/\/amznavigator.com\/wp-content\/uploads\/2024\/11\/Preguntas-frecuentes-FAQ-SeriRed-Consultoria-Amazon-1024x685.png",1024,685,true],"author_info":{"display_name":"Mario","author_link":"https:\/\/amznavigator.com\/es\/author\/b656a33c6049ce0b\/"},"comment_info":0,"_links":{"self":[{"href":"https:\/\/amznavigator.com\/es\/wp-json\/wp\/v2\/pages\/2819","targetHints":{"allow":["GET"]}}],"collection":[{"href":"https:\/\/amznavigator.com\/es\/wp-json\/wp\/v2\/pages"}],"about":[{"href":"https:\/\/amznavigator.com\/es\/wp-json\/wp\/v2\/types\/page"}],"author":[{"embeddable":true,"href":"https:\/\/amznavigator.com\/es\/wp-json\/wp\/v2\/users\/1"}],"replies":[{"embeddable":true,"href":"https:\/\/amznavigator.com\/es\/wp-json\/wp\/v2\/comments?post=2819"}],"version-history":[{"count":4,"href":"https:\/\/amznavigator.com\/es\/wp-json\/wp\/v2\/pages\/2819\/revisions"}],"predecessor-version":[{"id":5969,"href":"https:\/\/amznavigator.com\/es\/wp-json\/wp\/v2\/pages\/2819\/revisions\/5969"}],"wp:featuredmedia":[{"embeddable":true,"href":"https:\/\/amznavigator.com\/es\/wp-json\/wp\/v2\/media\/3658"}],"wp:attachment":[{"href":"https:\/\/amznavigator.com\/es\/wp-json\/wp\/v2\/media?parent=2819"}],"curies":[{"name":"wp","href":"https:\/\/api.w.org\/{rel}","templated":true}]}}