{"id":3277,"date":"2024-11-01T22:39:14","date_gmt":"2024-11-01T20:39:14","guid":{"rendered":"https:\/\/amznavigator.com\/?page_id=3277"},"modified":"2025-07-18T17:36:22","modified_gmt":"2025-07-18T15:36:22","slug":"politica-de-cookies","status":"publish","type":"page","link":"https:\/\/amznavigator.com\/es\/politica-de-cookies\/","title":{"rendered":"Pol\u00edtica de Cookies"},"content":{"rendered":"<h2>Pol\u00edtica de Cookies<\/h2>\n<p>En Amznavigator.com, propiedad y operado por Life Planet LLC (\u00abnosotros\u00bb, \u00abnos\u00bb o \u00abnuestro\u00bb), utilizamos cookies y tecnolog\u00edas similares para mejorar tu experiencia de navegaci\u00f3n, analizar el tr\u00e1fico del sitio y ofrecer publicidad dirigida. Al utilizar nuestro sitio web, aceptas el uso de cookies como se describe en esta pol\u00edtica.<\/p>\n<h3>1. \u00bfQu\u00e9 son las cookies?<\/h3>\n<p>Las cookies son peque\u00f1os archivos de texto que se almacenan en tu dispositivo cuando visitas un sitio web. Nos ayudan a reconocer tu dispositivo, recordar tus preferencias y comprender c\u00f3mo interact\u00faas con nuestro sitio web.<\/p>\n<h3>2. Tipos de cookies que usamos<\/h3>\n<ul>\n<li><strong>Cookies esenciales:<\/strong> Necesarias para el funcionamiento del sitio web (por ejemplo, inicio de sesi\u00f3n, navegaci\u00f3n entre p\u00e1ginas).<\/li>\n<li><strong>Cookies de an\u00e1lisis:<\/strong> Nos ayudan a entender c\u00f3mo los visitantes interact\u00faan con nuestro sitio (por ejemplo, Google Analytics).<\/li>\n<li><strong>Cookies de preferencias:<\/strong> Guardan tus preferencias como idioma o regi\u00f3n.<\/li>\n<li><strong>Cookies publicitarias:<\/strong> Se utilizan para mostrar anuncios relevantes y medir su rendimiento.<\/li>\n<\/ul>\n<h3>3. Cookies de terceros<\/h3>\n<p>Podemos utilizar servicios de terceros como Google Analytics y Google Ads. Estos proveedores pueden utilizar cookies para recopilar informaci\u00f3n sobre tu actividad en l\u00ednea en nuestro sitio y en otros sitios web.<\/p>\n<h3>4. Tus opciones sobre cookies<\/h3>\n<p>Puedes controlar y eliminar cookies a trav\u00e9s de la configuraci\u00f3n de tu navegador. Ten en cuenta que deshabilitar cookies puede afectar el funcionamiento de este y otros sitios web.<\/p>\n<p>Instrucciones para gestionar cookies:<\/p>\n<ul>\n<li><a href=\"https:\/\/support.google.com\/chrome\/answer\/95647\" target=\"_blank\" rel=\"noopener\">Chrome<\/a><\/li>\n<li><a href=\"https:\/\/support.mozilla.org\/es\/kb\/habilitar-y-deshabilitar-cookies-sitios-web\" target=\"_blank\" rel=\"noopener\">Firefox<\/a><\/li>\n<li><a href=\"https:\/\/support.apple.com\/es-es\/HT201265\" target=\"_blank\" rel=\"noopener\">Safari<\/a><\/li>\n<li><a href=\"https:\/\/support.microsoft.com\/es-es\/topic\/eliminar-y-administrar-cookies-168dab11-0753-043d-7c16-ede5947fc64d\" target=\"_blank\" rel=\"noopener\">Edge<\/a><\/li>\n<\/ul>\n<h3>5. Se\u00f1ales \u201cDo Not Track\u201d<\/h3>\n<p>Nuestro sitio actualmente no responde a se\u00f1ales \u201cDo Not Track\u201d de los navegadores. Sin embargo, puedes ajustar tus preferencias de cookies como se indica arriba.<\/p>\n<h3>6. Residentes de California (CCPA)<\/h3>\n<p>Seg\u00fan la Ley de Privacidad del Consumidor de California (CCPA), los residentes de California tienen derecho a saber qu\u00e9 datos personales se recopilan y la opci\u00f3n de optar por no \u00abvender\u00bb su informaci\u00f3n personal. No vendemos tus datos personales. Puedes contactarnos para solicitar acceso o eliminaci\u00f3n de tus datos.<\/p>\n<h3>7. Actualizaciones de esta Pol\u00edtica de Cookies<\/h3>\n<p>Nos reservamos el derecho de actualizar esta pol\u00edtica en cualquier momento. Las actualizaciones se publicar\u00e1n en esta p\u00e1gina con una nueva fecha de entrada en vigor.<\/p>\n<h3>8. Informaci\u00f3n de contacto<\/h3>\n<p>Si tienes preguntas sobre esta Pol\u00edtica de Cookies o sobre c\u00f3mo manejamos tus datos, puedes contactarnos en:<\/p>\n<p>Email: <a href=\"mailto:support@amznavigator.com\">support@amznavigator.com<\/a><\/p>\n<h3>9. Legislaci\u00f3n aplicable<\/h3>\n<p>Esta Pol\u00edtica de Cookies se rige por las leyes de los Estados Unidos y del Estado de New Mexico, donde est\u00e1 registrada Life Planet LLC.<\/p>\n","protected":false},"excerpt":{"rendered":"<p>Pol\u00edtica de Cookies En Amznavigator.com, propiedad y operado por Life Planet LLC (\u00abnosotros\u00bb, \u00abnos\u00bb o \u00abnuestro\u00bb), utilizamos cookies y tecnolog\u00edas similares para mejorar tu experiencia de navegaci\u00f3n, analizar el tr\u00e1fico del sitio y ofrecer publicidad dirigida. Al utilizar nuestro sitio web, aceptas el uso de cookies como se describe en esta pol\u00edtica. 1. \u00bfQu\u00e9 son&#8230;<\/p>\n","protected":false},"author":1,"featured_media":0,"parent":0,"menu_order":14,"comment_status":"closed","ping_status":"closed","template":"","meta":{"_kad_blocks_custom_css":"","_kad_blocks_head_custom_js":"","_kad_blocks_body_custom_js":"","_kad_blocks_footer_custom_js":"","_kadence_starter_templates_imported_post":false,"_kad_post_transparent":"","_kad_post_title":"","_kad_post_layout":"","_kad_post_sidebar_id":"","_kad_post_content_style":"","_kad_post_vertical_padding":"","_kad_post_feature":"","_kad_post_feature_position":"","_kad_post_header":false,"_kad_post_footer":false,"_kad_post_classname":"","footnotes":""},"class_list":["post-3277","page","type-page","status-publish","hentry"],"taxonomy_info":[],"featured_image_src_large":false,"author_info":{"display_name":"Mario","author_link":"https:\/\/amznavigator.com\/es\/author\/b656a33c6049ce0b\/"},"comment_info":0,"_links":{"self":[{"href":"https:\/\/amznavigator.com\/es\/wp-json\/wp\/v2\/pages\/3277","targetHints":{"allow":["GET"]}}],"collection":[{"href":"https:\/\/amznavigator.com\/es\/wp-json\/wp\/v2\/pages"}],"about":[{"href":"https:\/\/amznavigator.com\/es\/wp-json\/wp\/v2\/types\/page"}],"author":[{"embeddable":true,"href":"https:\/\/amznavigator.com\/es\/wp-json\/wp\/v2\/users\/1"}],"replies":[{"embeddable":true,"href":"https:\/\/amznavigator.com\/es\/wp-json\/wp\/v2\/comments?post=3277"}],"version-history":[{"count":1,"href":"https:\/\/amznavigator.com\/es\/wp-json\/wp\/v2\/pages\/3277\/revisions"}],"predecessor-version":[{"id":4507,"href":"https:\/\/amznavigator.com\/es\/wp-json\/wp\/v2\/pages\/3277\/revisions\/4507"}],"wp:attachment":[{"href":"https:\/\/amznavigator.com\/es\/wp-json\/wp\/v2\/media?parent=3277"}],"curies":[{"name":"wp","href":"https:\/\/api.w.org\/{rel}","templated":true}]}}