{"id":3390,"date":"2024-11-02T00:37:01","date_gmt":"2024-11-01T22:37:01","guid":{"rendered":"https:\/\/amznavigator.com\/?page_id=3390"},"modified":"2025-07-18T17:56:26","modified_gmt":"2025-07-18T15:56:26","slug":"regulamin","status":"publish","type":"page","link":"https:\/\/amznavigator.com\/pl\/regulamin\/","title":{"rendered":"Regulamin"},"content":{"rendered":"<h2>Informacje Prawne i Og\u00f3lne Warunki Korzystania<\/h2>\n<p><strong>amznavigator.com<\/strong><br \/>\n<strong>Data wej\u015bcia w \u017cycie:<\/strong> 18-07-2025<\/p>\n<h3>I. INFORMACJE OG\u00d3LNE<\/h3>\n<p>Zgodnie z obowi\u0105zuj\u0105cym prawem USA, w tym z ustaw\u0105 Digital Millennium Copyright Act (DMCA) oraz Sekcj\u0105 230 ustawy Communications Decency Act (CDA), poni\u017cej przedstawiamy podstawowe informacje o tej stronie internetowej:<\/p>\n<p><strong>W\u0142a\u015bciciel strony:<\/strong><br \/>\namznavigator.com jest w\u0142asno\u015bci\u0105 i jest prowadzony przez:<br \/>\nLife Planet LLC<br \/>\n2105 Vista Oeste St NW, Suite E \u2013 1279<br \/>\nAlbuquerque, NM 87120<br \/>\nStany Zjednoczone<br \/>\nAdres e-mail kontaktowy: support@amznavigator.com<\/p>\n<h3>II. WARUNKI KORZYSTANIA<\/h3>\n<p>Niniejsze Warunki Korzystania (zwane dalej \u201eWarunkami\u201d) reguluj\u0105 Tw\u00f3j dost\u0119p i korzystanie ze strony amznavigator.com (zwan\u0105 dalej \u201eStron\u0105\u201d), jej tre\u015bci, us\u0142ug oraz funkcjonalno\u015bci udost\u0119pnianych przez Life Planet LLC (\u201emy\u201d, \u201enas\u201d, \u201enasz\u201d).<\/p>\n<p>Korzystaj\u0105c ze Strony, zgadzasz si\u0119 na przestrzeganie tych Warunk\u00f3w oraz naszej Polityki Prywatno\u015bci. Je\u015bli nie zgadzasz si\u0119 z kt\u00f3rymkolwiek punktem Warunk\u00f3w, prosimy nie korzysta\u0107 ze Strony.<\/p>\n<h3>III. UPRAWNIENIA U\u017bYTKOWNIKA<\/h3>\n<p>Aby korzysta\u0107 ze Strony, musisz mie\u0107 uko\u0144czone 18 lat i by\u0107 prawnie zdolny do zawierania wi\u0105\u017c\u0105cych um\u00f3w zgodnie z obowi\u0105zuj\u0105cym prawem. Korzystaj\u0105c ze Strony, o\u015bwiadczasz, \u017ce spe\u0142niasz te wymagania.<\/p>\n<h3>IV. DOST\u0118P DO STRONY<\/h3>\n<p>Dost\u0119p do Strony jest bezp\u0142atny. Jeste\u015b odpowiedzialny za wszelkie koszty zwi\u0105zane z dost\u0119pem, w tym op\u0142aty za internet lub transmisj\u0119 danych. Niekt\u00f3re funkcje mog\u0105 wymaga\u0107 rejestracji lub subskrypcji.<\/p>\n<p>Zastrzegamy sobie prawo do zmiany, zawieszenia lub zaprzestania \u015bwiadczenia dowolnej cz\u0119\u015bci Strony lub us\u0142ug w dowolnym momencie bez uprzedzenia.<\/p>\n<h3>V. OBOWI\u0104ZKI U\u017bYTKOWNIKA<\/h3>\n<p>Zobowi\u0105zujesz si\u0119 korzysta\u0107 ze Strony i us\u0142ug wy\u0142\u0105cznie w celach zgodnych z prawem oraz zgodnie ze wszystkimi obowi\u0105zuj\u0105cymi przepisami. Ponadto zobowi\u0105zujesz si\u0119 nie:<\/p>\n<ul>\n<li>Publikowa\u0107 ani przesy\u0142a\u0107 tre\u015bci nielegalnych, szkodliwych, znies\u0142awiaj\u0105cych lub obscenicznych.<\/li>\n<li>Narusza\u0107 praw w\u0142asno\u015bci intelektualnej.<\/li>\n<li>Pr\u00f3bowa\u0107 zak\u0142\u00f3ca\u0107 bezpiecze\u0144stwo lub prawid\u0142owe dzia\u0142anie Strony.<\/li>\n<\/ul>\n<p>Jeste\u015b odpowiedzialny za wszystkie informacje, kt\u00f3re przesy\u0142asz, i o\u015bwiadczasz, \u017ce s\u0105 one prawdziwe i zgodne z prawem.<\/p>\n<h3>VI. ZRZECZENIE SI\u0118 GWARANCJI I OGRANICZENIE ODPOWIEDZIALNO\u015aCI<\/h3>\n<p>Strona i wszystkie jej tre\u015bci s\u0105 udost\u0119pniane \u201etak jak s\u0105\u201d, bez \u017cadnych gwarancji, wyra\u017anych ani dorozumianych. Nie gwarantujemy, \u017ce Strona b\u0119dzie wolna od b\u0142\u0119d\u00f3w, dost\u0119pna bez przerw lub bezpieczna.<\/p>\n<p>W maksymalnym zakresie dozwolonym przez prawo, nie ponosimy odpowiedzialno\u015bci za jakiekolwiek szkody, bezpo\u015brednie, po\u015brednie, przypadkowe lub wynikowe, wynikaj\u0105ce z korzystania lub niemo\u017cno\u015bci korzystania ze Strony.<\/p>\n<h3>VII. LINKI DO STRON TRZECICH I INFORMACJA O AFILIACJI<\/h3>\n<p>Strona mo\u017ce zawiera\u0107 linki do stron, produkt\u00f3w lub us\u0142ug os\u00f3b trzecich. Nie kontrolujemy i nie popieramy tre\u015bci ani praktyk tych stron.<\/p>\n<p>Mo\u017cemy otrzymywa\u0107 wynagrodzenie z tytu\u0142u link\u00f3w afiliacyjnych lub tre\u015bci sponsorowanych. Nie odpowiadamy za dok\u0142adno\u015b\u0107 ani jako\u015b\u0107 ofert os\u00f3b trzecich.<\/p>\n<h3>VIII. PRAWA W\u0141ASNO\u015aCI INTELEKTUALNEJ<\/h3>\n<p>Ca\u0142a zawarto\u015b\u0107 Strony, w tym teksty, grafiki, logotypy, filmy oraz oprogramowanie, jest w\u0142asno\u015bci\u0105 Life Planet LLC lub jej licencjodawc\u00f3w i jest chroniona przepisami prawa w\u0142asno\u015bci intelektualnej USA oraz mi\u0119dzynarodowego.<\/p>\n<p>Mo\u017cesz korzysta\u0107 z zawarto\u015bci Strony wy\u0142\u0105cznie do cel\u00f3w osobistych i niekomercyjnych. Nie mo\u017cesz kopiowa\u0107, rozpowszechnia\u0107 ani wykorzystywa\u0107 \u017cadnej cz\u0119\u015bci Strony bez naszej uprzedniej pisemnej zgody.<\/p>\n<h3>IX. POWIADOMIENIE DMCA<\/h3>\n<p>Je\u015bli uwa\u017casz, \u017ce jakakolwiek zawarto\u015b\u0107 na Stronie narusza Twoje prawa autorskie, mo\u017cesz z\u0142o\u017cy\u0107 powiadomienie DMCA kontaktuj\u0105c si\u0119 z nami pod adresem:<\/p>\n<p><strong>Agent DMCA<\/strong><br \/>\nE-mail: support@amznavigator.com<br \/>\nAdres korespondencyjny:<br \/>\nLife Planet LLC<br \/>\n2105 Vista Oeste St NW, Suite E \u2013 1279<br \/>\nAlbuquerque, NM 87120<\/p>\n<h3>X. PRAWO W\u0141A\u015aCIWE I ROZSTRZYGANIE SPOR\u00d3W<\/h3>\n<p>Niniejsze Warunki podlegaj\u0105 prawu stanu Nowy Meksyk, USA, bez wzgl\u0119du na jego zasady kolizji praw.<\/p>\n<p>Wszelkie spory wynikaj\u0105ce z tych Warunk\u00f3w b\u0119d\u0105 rozstrzygane przez s\u0105dy stanowe lub federalne w hrabstwie Bernalillo, Nowy Meksyk. Wyra\u017casz zgod\u0119 na wy\u0142\u0105czn\u0105 jurysdykcj\u0119 i miejsce rozstrzygania spor\u00f3w przed tymi s\u0105dami.<\/p>\n<h3>XI. ZMIANY WARUNK\u00d3W<\/h3>\n<p>Mo\u017cemy od czasu do czasu aktualizowa\u0107 te Warunki. Kontynuacja korzystania ze Strony po takich zmianach oznacza akceptacj\u0119 nowych Warunk\u00f3w.<\/p>\n","protected":false},"excerpt":{"rendered":"<p>Informacje Prawne i Og\u00f3lne Warunki Korzystania amznavigator.com Data wej\u015bcia w \u017cycie: 18-07-2025 I. INFORMACJE OG\u00d3LNE Zgodnie z obowi\u0105zuj\u0105cym prawem USA, w tym z ustaw\u0105 Digital Millennium Copyright Act (DMCA) oraz Sekcj\u0105 230 ustawy Communications Decency Act (CDA), poni\u017cej przedstawiamy podstawowe informacje o tej stronie internetowej: W\u0142a\u015bciciel strony: amznavigator.com jest w\u0142asno\u015bci\u0105 i jest prowadzony przez: Life&#8230;<\/p>\n","protected":false},"author":1,"featured_media":0,"parent":0,"menu_order":15,"comment_status":"closed","ping_status":"closed","template":"","meta":{"_kad_blocks_custom_css":"","_kad_blocks_head_custom_js":"","_kad_blocks_body_custom_js":"","_kad_blocks_footer_custom_js":"","_kadence_starter_templates_imported_post":false,"_kad_post_transparent":"","_kad_post_title":"","_kad_post_layout":"","_kad_post_sidebar_id":"","_kad_post_content_style":"","_kad_post_vertical_padding":"","_kad_post_feature":"","_kad_post_feature_position":"","_kad_post_header":false,"_kad_post_footer":false,"_kad_post_classname":"","footnotes":""},"class_list":["post-3390","page","type-page","status-publish","hentry"],"taxonomy_info":[],"featured_image_src_large":false,"author_info":{"display_name":"Mario","author_link":"https:\/\/amznavigator.com\/pl\/author\/b656a33c6049ce0b\/"},"comment_info":0,"_links":{"self":[{"href":"https:\/\/amznavigator.com\/pl\/wp-json\/wp\/v2\/pages\/3390","targetHints":{"allow":["GET"]}}],"collection":[{"href":"https:\/\/amznavigator.com\/pl\/wp-json\/wp\/v2\/pages"}],"about":[{"href":"https:\/\/amznavigator.com\/pl\/wp-json\/wp\/v2\/types\/page"}],"author":[{"embeddable":true,"href":"https:\/\/amznavigator.com\/pl\/wp-json\/wp\/v2\/users\/1"}],"replies":[{"embeddable":true,"href":"https:\/\/amznavigator.com\/pl\/wp-json\/wp\/v2\/comments?post=3390"}],"version-history":[{"count":1,"href":"https:\/\/amznavigator.com\/pl\/wp-json\/wp\/v2\/pages\/3390\/revisions"}],"predecessor-version":[{"id":4514,"href":"https:\/\/amznavigator.com\/pl\/wp-json\/wp\/v2\/pages\/3390\/revisions\/4514"}],"wp:attachment":[{"href":"https:\/\/amznavigator.com\/pl\/wp-json\/wp\/v2\/media?parent=3390"}],"curies":[{"name":"wp","href":"https:\/\/api.w.org\/{rel}","templated":true}]}}