{"id":3488,"date":"2024-10-28T01:34:49","date_gmt":"2024-10-27T23:34:49","guid":{"rendered":"https:\/\/amznavigator.com\/preguntas-frecuentes-faq\/"},"modified":"2026-04-10T23:54:45","modified_gmt":"2026-04-10T21:54:45","slug":"faq","status":"publish","type":"page","link":"https:\/\/amznavigator.com\/pl\/faq\/","title":{"rendered":"FAQ"},"content":{"rendered":"<style>.kb-row-layout-wrap.wp-block-kadence-rowlayout.kb-row-layout-id3488_91abf7-0e{margin-top:0px;margin-bottom:0px;}.kb-row-layout-id3488_91abf7-0e > .kt-row-column-wrap{align-content:start;}:where(.kb-row-layout-id3488_91abf7-0e > .kt-row-column-wrap) > .wp-block-kadence-column{justify-content:start;}.kb-row-layout-id3488_91abf7-0e > .kt-row-column-wrap{column-gap:var(--global-kb-gap-none, 0rem );row-gap:var(--global-kb-gap-md, 2rem);max-width:1140px;margin-left:auto;margin-right:auto;padding-top:76px;padding-right:10px;padding-bottom:60px;padding-left:10px;grid-template-columns:minmax(0, calc(72% - ((var(--global-kb-gap-none, 0rem ) * 1 )\/2)))minmax(0, calc(28% - ((var(--global-kb-gap-none, 0rem ) * 1 )\/2)));}.kb-row-layout-id3488_91abf7-0e{background-image:url('https:\/\/amznavigator.com\/wp-content\/uploads\/2024\/10\/faq.jpg');background-size:cover;background-position:50% 42%;background-attachment:scroll;background-repeat:no-repeat;}.kb-row-layout-id3488_91abf7-0e > .kt-row-layout-overlay{opacity:0.90;background-color:var(--global-palette10, #3182CE);}@media all and (max-width: 1024px){.kb-row-layout-id3488_91abf7-0e > .kt-row-column-wrap{padding-top:120px;padding-right:120px;padding-bottom:60px;padding-left:60px;grid-template-columns:minmax(0, 2fr) minmax(0, 1fr);}}@media all and (max-width: 767px){.kb-row-layout-id3488_91abf7-0e > .kt-row-column-wrap{padding-top:120px;padding-right:20px;padding-bottom:30px;padding-left:20px;grid-template-columns:minmax(0, 1fr);}}<\/style><div class=\"kb-row-layout-wrap kb-row-layout-id3488_91abf7-0e alignnone kt-row-has-bg wp-block-kadence-rowlayout\"><div class=\"kt-row-layout-overlay kt-row-overlay-normal\"><\/div><div class=\"kt-row-column-wrap kt-has-2-columns kt-row-layout-left-golden kt-tab-layout-inherit kt-mobile-layout-row kt-row-valign-top\">\n<style>.kadence-column3488_9a1e9c-46 > .kt-inside-inner-col,.kadence-column3488_9a1e9c-46 > .kt-inside-inner-col:before{border-top-left-radius:0px;border-top-right-radius:0px;border-bottom-right-radius:0px;border-bottom-left-radius:0px;}.kadence-column3488_9a1e9c-46 > .kt-inside-inner-col{column-gap:var(--global-kb-gap-sm, 1rem);}.kadence-column3488_9a1e9c-46 > .kt-inside-inner-col{flex-direction:column;}.kadence-column3488_9a1e9c-46 > .kt-inside-inner-col > .aligncenter{width:100%;}.kadence-column3488_9a1e9c-46 > .kt-inside-inner-col:before{opacity:0.3;}.kadence-column3488_9a1e9c-46{position:relative;}@media all and (max-width: 1024px){.kadence-column3488_9a1e9c-46 > .kt-inside-inner-col{flex-direction:column;justify-content:center;}}@media all and (max-width: 767px){.kadence-column3488_9a1e9c-46 > .kt-inside-inner-col{flex-direction:column;justify-content:center;}}<\/style>\n<div class=\"wp-block-kadence-column kadence-column3488_9a1e9c-46 inner-column-1\"><div class=\"kt-inside-inner-col\"><style>.wp-block-kadence-advancedheading.kt-adv-heading3488_cafcf5-a0, .wp-block-kadence-advancedheading.kt-adv-heading3488_cafcf5-a0[data-kb-block=\"kb-adv-heading3488_cafcf5-a0\"]{font-size:60px;line-height:1em;font-style:normal;letter-spacing:-2px;color:#ffffff;}.wp-block-kadence-advancedheading.kt-adv-heading3488_cafcf5-a0 mark.kt-highlight, .wp-block-kadence-advancedheading.kt-adv-heading3488_cafcf5-a0[data-kb-block=\"kb-adv-heading3488_cafcf5-a0\"] mark.kt-highlight{font-style:normal;color:#f76a0c;-webkit-box-decoration-break:clone;box-decoration-break:clone;padding-top:0px;padding-right:0px;padding-bottom:0px;padding-left:0px;}.wp-block-kadence-advancedheading.kt-adv-heading3488_cafcf5-a0 img.kb-inline-image, .wp-block-kadence-advancedheading.kt-adv-heading3488_cafcf5-a0[data-kb-block=\"kb-adv-heading3488_cafcf5-a0\"] img.kb-inline-image{width:150px;vertical-align:baseline;}@media all and (max-width: 1024px){.wp-block-kadence-advancedheading.kt-adv-heading3488_cafcf5-a0, .wp-block-kadence-advancedheading.kt-adv-heading3488_cafcf5-a0[data-kb-block=\"kb-adv-heading3488_cafcf5-a0\"]{font-size:60px;}}@media all and (max-width: 767px){.wp-block-kadence-advancedheading.kt-adv-heading3488_cafcf5-a0, .wp-block-kadence-advancedheading.kt-adv-heading3488_cafcf5-a0[data-kb-block=\"kb-adv-heading3488_cafcf5-a0\"]{font-size:45px;}}<\/style>\n<h1 class=\"kt-adv-heading3488_cafcf5-a0 wp-block-kadence-advancedheading\" data-kb-block=\"kb-adv-heading3488_cafcf5-a0\">Cz\u0119sto zadawane <br>pytania<\/h1>\n<\/div><\/div>\n\n\n<style>.kadence-column3488_954847-68 > .kt-inside-inner-col,.kadence-column3488_954847-68 > .kt-inside-inner-col:before{border-top-left-radius:0px;border-top-right-radius:0px;border-bottom-right-radius:0px;border-bottom-left-radius:0px;}.kadence-column3488_954847-68 > .kt-inside-inner-col{column-gap:var(--global-kb-gap-sm, 1rem);}.kadence-column3488_954847-68 > .kt-inside-inner-col{flex-direction:column;}.kadence-column3488_954847-68 > .kt-inside-inner-col > .aligncenter{width:100%;}.kadence-column3488_954847-68 > .kt-inside-inner-col:before{opacity:0.3;}.kadence-column3488_954847-68{position:relative;}@media all and (max-width: 1024px){.kadence-column3488_954847-68 > .kt-inside-inner-col{flex-direction:column;justify-content:center;}}@media all and (max-width: 767px){.kadence-column3488_954847-68 > .kt-inside-inner-col{flex-direction:column;justify-content:center;}}<\/style>\n<div class=\"wp-block-kadence-column kadence-column3488_954847-68 inner-column-2\"><div class=\"kt-inside-inner-col\"><\/div><\/div>\n\n<\/div><\/div>\n\n<style>.kb-row-layout-id3488_1f5e93-83 > .kt-row-column-wrap{align-content:start;}:where(.kb-row-layout-id3488_1f5e93-83 > .kt-row-column-wrap) > .wp-block-kadence-column{justify-content:start;}.kb-row-layout-id3488_1f5e93-83 > .kt-row-column-wrap{column-gap:var(--global-kb-gap-md, 2rem);row-gap:var(--global-kb-gap-md, 2rem);max-width:var( --global-content-width, 1170px );padding-left:var(--global-content-edge-padding);padding-right:var(--global-content-edge-padding);padding-top:var(--global-kb-spacing-sm, 1.5rem);padding-bottom:var(--global-kb-spacing-sm, 1.5rem);grid-template-columns:minmax(0, 1fr);}.kb-row-layout-id3488_1f5e93-83 > .kt-row-layout-overlay{opacity:0.30;}@media all and (max-width: 1024px){.kb-row-layout-id3488_1f5e93-83 > .kt-row-column-wrap{grid-template-columns:minmax(0, 1fr);}}@media all and (max-width: 767px){.kb-row-layout-id3488_1f5e93-83 > .kt-row-column-wrap{grid-template-columns:minmax(0, 1fr);}}<\/style><div class=\"kb-row-layout-wrap kb-row-layout-id3488_1f5e93-83 alignnone wp-block-kadence-rowlayout\"><div class=\"kt-row-column-wrap kt-has-1-columns kt-row-layout-equal kt-tab-layout-inherit kt-mobile-layout-row kt-row-valign-top kb-theme-content-width\">\n<style>.kadence-column3488_243bb4-f6 > .kt-inside-inner-col,.kadence-column3488_243bb4-f6 > .kt-inside-inner-col:before{border-top-left-radius:0px;border-top-right-radius:0px;border-bottom-right-radius:0px;border-bottom-left-radius:0px;}.kadence-column3488_243bb4-f6 > .kt-inside-inner-col{column-gap:var(--global-kb-gap-sm, 1rem);}.kadence-column3488_243bb4-f6 > .kt-inside-inner-col{flex-direction:column;}.kadence-column3488_243bb4-f6 > .kt-inside-inner-col > .aligncenter{width:100%;}.kadence-column3488_243bb4-f6 > .kt-inside-inner-col:before{opacity:0.3;}.kadence-column3488_243bb4-f6{position:relative;}@media all and (max-width: 1024px){.kadence-column3488_243bb4-f6 > .kt-inside-inner-col{flex-direction:column;justify-content:center;}}@media all and (max-width: 767px){.kadence-column3488_243bb4-f6 > .kt-inside-inner-col{flex-direction:column;justify-content:center;}}<\/style>\n<div class=\"wp-block-kadence-column kadence-column3488_243bb4-f6\"><div class=\"kt-inside-inner-col\"><style>.wp-block-kadence-advancedheading.kt-adv-heading3488_11093f-95, .wp-block-kadence-advancedheading.kt-adv-heading3488_11093f-95[data-kb-block=\"kb-adv-heading3488_11093f-95\"]{font-style:normal;}.wp-block-kadence-advancedheading.kt-adv-heading3488_11093f-95 mark.kt-highlight, .wp-block-kadence-advancedheading.kt-adv-heading3488_11093f-95[data-kb-block=\"kb-adv-heading3488_11093f-95\"] mark.kt-highlight{font-style:normal;color:#f76a0c;-webkit-box-decoration-break:clone;box-decoration-break:clone;padding-top:0px;padding-right:0px;padding-bottom:0px;padding-left:0px;}.wp-block-kadence-advancedheading.kt-adv-heading3488_11093f-95 img.kb-inline-image, .wp-block-kadence-advancedheading.kt-adv-heading3488_11093f-95[data-kb-block=\"kb-adv-heading3488_11093f-95\"] img.kb-inline-image{width:150px;vertical-align:baseline;}<\/style>\n<h2 class=\"kt-adv-heading3488_11093f-95 wp-block-kadence-advancedheading\" data-kb-block=\"kb-adv-heading3488_11093f-95\">FAQ<\/h2>\n\n\n<style>.wp-block-kadence-advancedheading.kt-adv-heading3488_8c5165-f7, .wp-block-kadence-advancedheading.kt-adv-heading3488_8c5165-f7[data-kb-block=\"kb-adv-heading3488_8c5165-f7\"]{font-size:var(--global-kb-font-size-md, 1.25rem);font-style:normal;}.wp-block-kadence-advancedheading.kt-adv-heading3488_8c5165-f7 mark.kt-highlight, .wp-block-kadence-advancedheading.kt-adv-heading3488_8c5165-f7[data-kb-block=\"kb-adv-heading3488_8c5165-f7\"] mark.kt-highlight{font-style:normal;color:#f76a0c;-webkit-box-decoration-break:clone;box-decoration-break:clone;padding-top:0px;padding-right:0px;padding-bottom:0px;padding-left:0px;}.wp-block-kadence-advancedheading.kt-adv-heading3488_8c5165-f7 img.kb-inline-image, .wp-block-kadence-advancedheading.kt-adv-heading3488_8c5165-f7[data-kb-block=\"kb-adv-heading3488_8c5165-f7\"] img.kb-inline-image{width:150px;vertical-align:baseline;}<\/style>\n<p class=\"kt-adv-heading3488_8c5165-f7 wp-block-kadence-advancedheading\" data-kb-block=\"kb-adv-heading3488_8c5165-f7\">Tutaj znajdziesz odpowiedzi na najcz\u0119\u015bciej zadawane pytania dotycz\u0105ce naszych us\u0142ug. Je\u015bli masz dodatkowe pytania, \u015bmia\u0142o <a href=\"https:\/\/amznavigator.com\/pl\/kontakt\/\" data-type=\"page\" data-id=\"3491\">skontaktuj si\u0119 z nami<\/a>.<\/p>\n<\/div><\/div>\n\n<\/div><\/div>\n\n<style>.kb-row-layout-id3488_717afc-e2 > .kt-row-column-wrap{align-content:start;}:where(.kb-row-layout-id3488_717afc-e2 > .kt-row-column-wrap) > .wp-block-kadence-column{justify-content:start;}.kb-row-layout-id3488_717afc-e2 > .kt-row-column-wrap{column-gap:var(--global-kb-gap-md, 2rem);row-gap:var(--global-kb-gap-md, 2rem);max-width:var( --global-content-width, 1170px );padding-left:var(--global-content-edge-padding);padding-right:var(--global-content-edge-padding);padding-top:var(--global-kb-spacing-sm, 1.5rem);padding-bottom:var(--global-kb-spacing-sm, 1.5rem);grid-template-columns:minmax(0, 1fr);}.kb-row-layout-id3488_717afc-e2 > .kt-row-layout-overlay{opacity:0.30;}@media all and (max-width: 1024px){.kb-row-layout-id3488_717afc-e2 > .kt-row-column-wrap{grid-template-columns:minmax(0, 1fr);}}@media all and (max-width: 767px){.kb-row-layout-id3488_717afc-e2 > .kt-row-column-wrap{grid-template-columns:minmax(0, 1fr);}}<\/style><div class=\"kb-row-layout-wrap kb-row-layout-id3488_717afc-e2 alignnone wp-block-kadence-rowlayout\"><div class=\"kt-row-column-wrap kt-has-1-columns kt-row-layout-equal kt-tab-layout-inherit kt-mobile-layout-row kt-row-valign-top kb-theme-content-width\">\n<style>.kadence-column3488_a0df11-89 > .kt-inside-inner-col,.kadence-column3488_a0df11-89 > .kt-inside-inner-col:before{border-top-left-radius:0px;border-top-right-radius:0px;border-bottom-right-radius:0px;border-bottom-left-radius:0px;}.kadence-column3488_a0df11-89 > .kt-inside-inner-col{column-gap:var(--global-kb-gap-sm, 1rem);}.kadence-column3488_a0df11-89 > .kt-inside-inner-col{flex-direction:column;}.kadence-column3488_a0df11-89 > .kt-inside-inner-col > .aligncenter{width:100%;}.kadence-column3488_a0df11-89 > .kt-inside-inner-col:before{opacity:0.3;}.kadence-column3488_a0df11-89{position:relative;}@media all and (max-width: 1024px){.kadence-column3488_a0df11-89 > .kt-inside-inner-col{flex-direction:column;justify-content:center;}}@media all and (max-width: 767px){.kadence-column3488_a0df11-89 > .kt-inside-inner-col{flex-direction:column;justify-content:center;}}<\/style>\n<div class=\"wp-block-kadence-column kadence-column3488_a0df11-89\"><div class=\"kt-inside-inner-col\"><div id=\"rank-math-faq\" class=\"rank-math-block\">\n<ol class=\"rank-math-list \">\n<li id=\"faq-question-1730224871235\" class=\"rank-math-list-item\">\n<h3 class=\"rank-math-question \">Czy wykonujecie badania rynku dla dowolnych produkt\u00f3w?<\/h3>\n<div class=\"rank-math-answer \">\n\n<p>Tak, wykonujemy spersonalizowane badania rynku dla szerokiej gamy produkt\u00f3w, analizuj\u0105c konkurencj\u0119, popyt i trendy w celu zidentyfikowania <strong>op\u0142acalnych mo\u017cliwo\u015bci<\/strong>.<\/p>\n\n<\/div>\n<\/li>\n<li id=\"faq-question-1735509764234\" class=\"rank-math-list-item\">\n<h3 class=\"rank-math-question \">Czy moje informacje b\u0119d\u0105 bezpieczne?<\/h3>\n<div class=\"rank-math-answer \">\n\n<p>Oczywi\u015bcie. Traktujemy Twoje dane z pe\u0142n\u0105 dyskrecj\u0105 i profesjonalizmem.<\/p>\n\n<\/div>\n<\/li>\n<li id=\"faq-question-1730224511730\" class=\"rank-math-list-item\">\n<h3 class=\"rank-math-question \">Sk\u0105d mog\u0119 wiedzie\u0107, czy potrzebuj\u0119 Waszych us\u0142ug?<\/h3>\n<div class=\"rank-math-answer \">\n\n<p>Je\u015bli jeste\u015b sprzedawc\u0105 na Amazon, kt\u00f3ry napotyka trudno\u015bci, takie jak zablokowane konto lub jeste\u015b przedsi\u0119biorc\u0105 niepewnym co do wyboru produkt\u00f3w do sprzeda\u017cy, Nasze us\u0142ugi s\u0105 zaprojektowane tak, aby pom\u00f3c Ci przezwyci\u0119\u017cy\u0107 te przeszkody i osi\u0105gn\u0105\u0107 cele.<\/p>\n\n<\/div>\n<\/li>\n<li id=\"faq-question-1730224561508\" class=\"rank-math-list-item\">\n<h3 class=\"rank-math-question \">Jak wygl\u0105da proces odzyskiwania zablokowanego konta na Amazon?<\/h3>\n<div class=\"rank-math-answer \">\n\n<p>Proces zaczyna si\u0119 od szczeg\u00f3\u0142owej oceny przyczyn zablokowania. Nast\u0119pnie tworzymy <strong>spersonalizowany plan dzia\u0142ania<\/strong> zgodny z zasadami Amazon i zarz\u0105dzamy komunikacj\u0105 z zespo\u0142em wsparcia w celu ponownej aktywacji Twojego konta.<\/p>\n\n<\/div>\n<\/li>\n<li id=\"faq-question-1730225073574\" class=\"rank-math-list-item\">\n<h3 class=\"rank-math-question \">Czy wsp\u00f3\u0142pracujecie ze sprzedawcami Amazon z dowolnego kraju?<\/h3>\n<div class=\"rank-math-answer \">\n\n<p>Tak, oferujemy nasze us\u0142ugi sprzedawcom Amazon na <strong>ca\u0142ym \u015bwiecie<\/strong> i mo\u017cemy dostosowa\u0107 si\u0119 do specyficznych potrzeb ka\u017cdego rynku.<\/p>\n\n<\/div>\n<\/li>\n<li id=\"faq-question-1730224654591\" class=\"rank-math-list-item\">\n<h3 class=\"rank-math-question \">Ile trwa odzyskanie zablokowanego konta?<\/h3>\n<div class=\"rank-math-answer \">\n\n<p>Czas odzyskania konta mo\u017ce si\u0119 r\u00f3\u017cni\u0107 w zale\u017cno\u015bci od z\u0142o\u017cono\u015bci sprawy i odpowiedzi ze strony Amazon, ale zazwyczaj osi\u0105gamy wyniki w ci\u0105gu <strong>7 do 15 dni roboczych<\/strong>.<\/p>\n\n<\/div>\n<\/li>\n<li id=\"faq-question-1730224906761\" class=\"rank-math-list-item\">\n<h3 class=\"rank-math-question \">Czy oferujecie pe\u0142ne zarz\u0105dzanie kontem Amazon?<\/h3>\n<div class=\"rank-math-answer \">\n\n<p>Nie. Obecnie specjalizujemy si\u0119 w <strong>badaniu rynku i odblokowywaniu kont Amazon<\/strong>.<\/p>\n\n<\/div>\n<\/li>\n<li id=\"faq-question-1730225114566\" class=\"rank-math-list-item\">\n<h3 class=\"rank-math-question \">Jak mog\u0119 rozpocz\u0105\u0107 wsp\u00f3\u0142prac\u0119 z wami?<\/h3>\n<div class=\"rank-math-answer \">\n\n<p>Je\u015bli jeste\u015b zainteresowany pomoc\u0105 w odblokowaniu konta Amazon, rozpocznij tutaj: <strong><a href=\"https:\/\/amznavigator.com\/pl\/uslugi\/odblokowanie-kont-amazon\/\" data-type=\"page\" data-id=\"4601\">Formularz darmowej oceny konta<\/a><\/strong>.<br \/>Je\u015bli jeste\u015b zainteresowany naszymi us\u0142ugami w zakresie analizy rynku Amazon, rozpocznij tutaj: <strong><a href=\"https:\/\/amznavigator.com\/pl\/uslugi\/badanie-rynku-amazon\/\" data-type=\"page\" data-id=\"3464\">Formularz darmowej oceny analizy rynku<\/a><\/strong>.<br \/>Po przes\u0142aniu zg\u0142oszenia poprowadzimy Ci\u0119 przez kolejne kroki.<\/p>\n\n<\/div>\n<\/li>\n<li id=\"faq-question-1730225245488\" class=\"rank-math-list-item\">\n<h3 class=\"rank-math-question \">Czy oferujecie gwarancje na wyniki swoich us\u0142ug?<\/h3>\n<div class=\"rank-math-answer \">\n\n<p>Chocia\u017c nie mo\u017cemy udzieli\u0107 pisemnej gwarancji \u2014 poniewa\u017c ostateczn\u0105 decyzj\u0119 podejmuje Amazon \u2014 nasz zesp\u00f3\u0142 posiada ogromne do\u015bwiadczenie oraz <strong>sprawdzon\u0105 metodologi\u0119<\/strong>, kt\u00f3ra konsekwentnie <strong>przynosi pozytywne rezultaty naszym klientom<\/strong>. Jeste\u015bmy pewni skuteczno\u015bci naszego podej\u015bcia i zawsze pracujemy z pe\u0142nym zaanga\u017cowaniem, aby osi\u0105gn\u0105\u0107 jak najlepszy wynik w Twojej sprawie.<\/p>\n\n<\/div>\n<\/li>\n<\/ol>\n<\/div><\/div><\/div>\n\n<\/div><\/div>\n\n<style>.kb-row-layout-id3488_f842bd-50 > .kt-row-column-wrap{align-content:start;}:where(.kb-row-layout-id3488_f842bd-50 > .kt-row-column-wrap) > .wp-block-kadence-column{justify-content:start;}.kb-row-layout-id3488_f842bd-50 > .kt-row-column-wrap{column-gap:var(--global-kb-gap-md, 2rem);row-gap:var(--global-kb-gap-md, 2rem);max-width:var( --global-content-width, 1170px );padding-left:var(--global-content-edge-padding);padding-right:var(--global-content-edge-padding);padding-top:var(--global-kb-spacing-sm, 1.5rem);padding-bottom:var(--global-kb-spacing-sm, 1.5rem);grid-template-columns:minmax(0, 1fr);}.kb-row-layout-id3488_f842bd-50 > .kt-row-layout-overlay{opacity:0.30;}@media all and (max-width: 1024px){.kb-row-layout-id3488_f842bd-50 > .kt-row-column-wrap{grid-template-columns:minmax(0, 1fr);}}@media all and (max-width: 767px){.kb-row-layout-id3488_f842bd-50 > .kt-row-column-wrap{grid-template-columns:minmax(0, 1fr);}}<\/style><div class=\"kb-row-layout-wrap kb-row-layout-id3488_f842bd-50 alignnone wp-block-kadence-rowlayout\"><div class=\"kt-row-column-wrap kt-has-1-columns kt-row-layout-equal kt-tab-layout-inherit kt-mobile-layout-row kt-row-valign-top kb-theme-content-width\">\n<style>.kadence-column3488_34d16b-13 > .kt-inside-inner-col,.kadence-column3488_34d16b-13 > .kt-inside-inner-col:before{border-top-left-radius:0px;border-top-right-radius:0px;border-bottom-right-radius:0px;border-bottom-left-radius:0px;}.kadence-column3488_34d16b-13 > .kt-inside-inner-col{column-gap:var(--global-kb-gap-sm, 1rem);}.kadence-column3488_34d16b-13 > .kt-inside-inner-col{flex-direction:column;}.kadence-column3488_34d16b-13 > .kt-inside-inner-col > .aligncenter{width:100%;}.kadence-column3488_34d16b-13 > .kt-inside-inner-col:before{opacity:0.3;}.kadence-column3488_34d16b-13{position:relative;}@media all and (max-width: 1024px){.kadence-column3488_34d16b-13 > .kt-inside-inner-col{flex-direction:column;justify-content:center;}}@media all and (max-width: 767px){.kadence-column3488_34d16b-13 > .kt-inside-inner-col{flex-direction:column;justify-content:center;}}<\/style>\n<div class=\"wp-block-kadence-column kadence-column3488_34d16b-13\"><div class=\"kt-inside-inner-col\"><style>.wp-block-kadence-advancedheading.kt-adv-heading3488_73d157-28, .wp-block-kadence-advancedheading.kt-adv-heading3488_73d157-28[data-kb-block=\"kb-adv-heading3488_73d157-28\"]{text-align:center;font-size:var(--global-kb-font-size-md, 1.25rem);font-style:normal;}.wp-block-kadence-advancedheading.kt-adv-heading3488_73d157-28 mark.kt-highlight, .wp-block-kadence-advancedheading.kt-adv-heading3488_73d157-28[data-kb-block=\"kb-adv-heading3488_73d157-28\"] mark.kt-highlight{font-style:normal;color:#f76a0c;-webkit-box-decoration-break:clone;box-decoration-break:clone;padding-top:0px;padding-right:0px;padding-bottom:0px;padding-left:0px;}.wp-block-kadence-advancedheading.kt-adv-heading3488_73d157-28 img.kb-inline-image, .wp-block-kadence-advancedheading.kt-adv-heading3488_73d157-28[data-kb-block=\"kb-adv-heading3488_73d157-28\"] img.kb-inline-image{width:150px;vertical-align:baseline;}<\/style>\n<p class=\"kt-adv-heading3488_73d157-28 wp-block-kadence-advancedheading\" data-kb-block=\"kb-adv-heading3488_73d157-28\">Nie znalaz\u0142e\u015b odpowiedzi, kt\u00f3rej szukasz?<\/p>\n\n\n<style>.wp-block-kadence-advancedheading.kt-adv-heading3488_a49836-d7, .wp-block-kadence-advancedheading.kt-adv-heading3488_a49836-d7[data-kb-block=\"kb-adv-heading3488_a49836-d7\"]{text-align:center;font-style:normal;}.wp-block-kadence-advancedheading.kt-adv-heading3488_a49836-d7 mark.kt-highlight, .wp-block-kadence-advancedheading.kt-adv-heading3488_a49836-d7[data-kb-block=\"kb-adv-heading3488_a49836-d7\"] mark.kt-highlight{font-style:normal;color:#f76a0c;-webkit-box-decoration-break:clone;box-decoration-break:clone;padding-top:0px;padding-right:0px;padding-bottom:0px;padding-left:0px;}.wp-block-kadence-advancedheading.kt-adv-heading3488_a49836-d7 img.kb-inline-image, .wp-block-kadence-advancedheading.kt-adv-heading3488_a49836-d7[data-kb-block=\"kb-adv-heading3488_a49836-d7\"] img.kb-inline-image{width:150px;vertical-align:baseline;}<\/style>\n<p class=\"kt-adv-heading3488_a49836-d7 wp-block-kadence-advancedheading\" data-kb-block=\"kb-adv-heading3488_a49836-d7\">Jeste\u015bmy tutaj, aby odpowiedzie\u0107 na wszelkie pytania. Nie wahaj si\u0119 <a href=\"https:\/\/amznavigator.com\/pl\/kontakt\/\" data-type=\"page\" data-id=\"3491\"><strong>skontaktowa\u0107 si\u0119 z nami<\/strong><\/a>, z przyjemno\u015bci\u0105 Ci pomo\u017cemy.<\/p>\n<\/div><\/div>\n\n<\/div><\/div>\n\n<style>.kb-row-layout-id3488_145781-bb > .kt-row-column-wrap{align-content:start;}:where(.kb-row-layout-id3488_145781-bb > .kt-row-column-wrap) > .wp-block-kadence-column{justify-content:start;}.kb-row-layout-id3488_145781-bb > .kt-row-column-wrap{column-gap:var(--global-kb-gap-md, 2rem);row-gap:var(--global-kb-gap-md, 2rem);max-width:var( --global-content-width, 1170px );padding-left:var(--global-content-edge-padding);padding-right:var(--global-content-edge-padding);padding-top:var(--global-kb-spacing-sm, 1.5rem);padding-bottom:var(--global-kb-spacing-sm, 1.5rem);grid-template-columns:minmax(0, 1fr);}.kb-row-layout-id3488_145781-bb > .kt-row-layout-overlay{opacity:0.30;}@media all and (max-width: 1024px){.kb-row-layout-id3488_145781-bb > .kt-row-column-wrap{grid-template-columns:minmax(0, 1fr);}}@media all and (max-width: 767px){.kb-row-layout-id3488_145781-bb > .kt-row-column-wrap{grid-template-columns:minmax(0, 1fr);}}<\/style><div class=\"kb-row-layout-wrap kb-row-layout-id3488_145781-bb alignnone wp-block-kadence-rowlayout\"><div class=\"kt-row-column-wrap kt-has-1-columns kt-row-layout-equal kt-tab-layout-inherit kt-mobile-layout-row kt-row-valign-top kb-theme-content-width\">\n<style>.kadence-column3488_5bd848-98 > .kt-inside-inner-col,.kadence-column3488_5bd848-98 > .kt-inside-inner-col:before{border-top-left-radius:0px;border-top-right-radius:0px;border-bottom-right-radius:0px;border-bottom-left-radius:0px;}.kadence-column3488_5bd848-98 > .kt-inside-inner-col{column-gap:var(--global-kb-gap-sm, 1rem);}.kadence-column3488_5bd848-98 > .kt-inside-inner-col{flex-direction:column;}.kadence-column3488_5bd848-98 > .kt-inside-inner-col > .aligncenter{width:100%;}.kadence-column3488_5bd848-98 > .kt-inside-inner-col:before{opacity:0.3;}.kadence-column3488_5bd848-98{position:relative;}@media all and (max-width: 1024px){.kadence-column3488_5bd848-98 > .kt-inside-inner-col{flex-direction:column;justify-content:center;}}@media all and (max-width: 767px){.kadence-column3488_5bd848-98 > .kt-inside-inner-col{flex-direction:column;justify-content:center;}}<\/style>\n<div class=\"wp-block-kadence-column kadence-column3488_5bd848-98\"><div class=\"kt-inside-inner-col\"><style>.wp-block-kadence-spacer.kt-block-spacer-3488_1a7f78-87 .kt-block-spacer{height:60px;}.wp-block-kadence-spacer.kt-block-spacer-3488_1a7f78-87 .kt-divider{border-top-width:1px;height:1px;border-top-color:#eee;width:80%;border-top-style:solid;}<\/style>\n<div class=\"wp-block-kadence-spacer aligncenter kt-block-spacer-3488_1a7f78-87\"><div class=\"kt-block-spacer kt-block-spacer-halign-center\"><hr class=\"kt-divider\"\/><\/div><\/div>\n<\/div><\/div>\n\n<\/div><\/div>","protected":false},"excerpt":{"rendered":"<p>Cz\u0119sto zadawane pytania FAQ Tutaj znajdziesz odpowiedzi na najcz\u0119\u015bciej zadawane pytania dotycz\u0105ce naszych us\u0142ug. Je\u015bli masz dodatkowe pytania, \u015bmia\u0142o skontaktuj si\u0119 z nami. Nie znalaz\u0142e\u015b odpowiedzi, kt\u00f3rej szukasz? Jeste\u015bmy tutaj, aby odpowiedzie\u0107 na wszelkie pytania. Nie wahaj si\u0119 skontaktowa\u0107 si\u0119 z nami, z przyjemno\u015bci\u0105 Ci pomo\u017cemy.<\/p>\n","protected":false},"author":1,"featured_media":3660,"parent":0,"menu_order":12,"comment_status":"closed","ping_status":"closed","template":"","meta":{"_kad_blocks_custom_css":"","_kad_blocks_head_custom_js":"","_kad_blocks_body_custom_js":"","_kad_blocks_footer_custom_js":"","_kadence_starter_templates_imported_post":false,"_kad_post_transparent":"disable","_kad_post_title":"hide","_kad_post_layout":"fullwidth","_kad_post_sidebar_id":"","_kad_post_content_style":"unboxed","_kad_post_vertical_padding":"hide","_kad_post_feature":"hide","_kad_post_feature_position":"","_kad_post_header":false,"_kad_post_footer":false,"_kad_post_classname":"","footnotes":""},"class_list":["post-3488","page","type-page","status-publish","has-post-thumbnail","hentry"],"taxonomy_info":[],"featured_image_src_large":["https:\/\/amznavigator.com\/wp-content\/uploads\/2024\/11\/Preguntas-frecuentes-FAQ-SeriRed-Consultoria-Amazon-1024x685.png",1024,685,true],"author_info":{"display_name":"Mario","author_link":"https:\/\/amznavigator.com\/pl\/author\/b656a33c6049ce0b\/"},"comment_info":0,"_links":{"self":[{"href":"https:\/\/amznavigator.com\/pl\/wp-json\/wp\/v2\/pages\/3488","targetHints":{"allow":["GET"]}}],"collection":[{"href":"https:\/\/amznavigator.com\/pl\/wp-json\/wp\/v2\/pages"}],"about":[{"href":"https:\/\/amznavigator.com\/pl\/wp-json\/wp\/v2\/types\/page"}],"author":[{"embeddable":true,"href":"https:\/\/amznavigator.com\/pl\/wp-json\/wp\/v2\/users\/1"}],"replies":[{"embeddable":true,"href":"https:\/\/amznavigator.com\/pl\/wp-json\/wp\/v2\/comments?post=3488"}],"version-history":[{"count":5,"href":"https:\/\/amznavigator.com\/pl\/wp-json\/wp\/v2\/pages\/3488\/revisions"}],"predecessor-version":[{"id":5968,"href":"https:\/\/amznavigator.com\/pl\/wp-json\/wp\/v2\/pages\/3488\/revisions\/5968"}],"wp:featuredmedia":[{"embeddable":true,"href":"https:\/\/amznavigator.com\/pl\/wp-json\/wp\/v2\/media\/3660"}],"wp:attachment":[{"href":"https:\/\/amznavigator.com\/pl\/wp-json\/wp\/v2\/media?parent=3488"}],"curies":[{"name":"wp","href":"https:\/\/api.w.org\/{rel}","templated":true}]}}