{"id":3491,"date":"2020-12-21T08:37:38","date_gmt":"2020-12-21T06:37:38","guid":{"rendered":"https:\/\/amznavigator.com\/contacto\/"},"modified":"2026-02-18T16:02:16","modified_gmt":"2026-02-18T14:02:16","slug":"kontakt","status":"publish","type":"page","link":"https:\/\/amznavigator.com\/pl\/kontakt\/","title":{"rendered":"Kontakt"},"content":{"rendered":"<style>.kb-row-layout-wrap.wp-block-kadence-rowlayout.kb-row-layout-id3491_bf51af-98{margin-top:0px;margin-bottom:0px;}.kb-row-layout-id3491_bf51af-98 > .kt-row-column-wrap{align-content:start;}:where(.kb-row-layout-id3491_bf51af-98 > .kt-row-column-wrap) > .wp-block-kadence-column{justify-content:start;}.kb-row-layout-id3491_bf51af-98 > .kt-row-column-wrap{column-gap:var(--global-kb-gap-none, 0rem );row-gap:var(--global-kb-gap-md, 2rem);max-width:1140px;margin-left:auto;margin-right:auto;padding-top:106px;padding-right:10px;padding-bottom:64px;padding-left:10px;grid-template-columns:minmax(0, calc(63.5% - ((var(--global-kb-gap-none, 0rem ) * 1 )\/2)))minmax(0, calc(36.5% - ((var(--global-kb-gap-none, 0rem ) * 1 )\/2)));}.kb-row-layout-id3491_bf51af-98{background-image:url('https:\/\/amznavigator.com\/wp-content\/uploads\/2025\/09\/office2.jpg');background-size:cover;background-position:50% 50%;background-attachment:scroll;background-repeat:no-repeat;}.kb-row-layout-id3491_bf51af-98 > .kt-row-layout-overlay{opacity:0.65;background-color:#000000;}@media all and (max-width: 1024px){.kb-row-layout-id3491_bf51af-98 > .kt-row-column-wrap{padding-top:120px;padding-right:120px;padding-bottom:60px;padding-left:60px;grid-template-columns:repeat(2, minmax(0, 1fr));}}@media all and (max-width: 767px){.kb-row-layout-id3491_bf51af-98 > .kt-row-column-wrap{padding-top:120px;padding-right:20px;padding-bottom:30px;padding-left:20px;grid-template-columns:minmax(0, 1fr);}}<\/style><div class=\"kb-row-layout-wrap kb-row-layout-id3491_bf51af-98 alignnone kt-row-has-bg wp-block-kadence-rowlayout\"><div class=\"kt-row-layout-overlay kt-row-overlay-normal\"><\/div><div class=\"kt-row-column-wrap kt-has-2-columns kt-row-layout-equal kt-tab-layout-inherit kt-mobile-layout-row kt-row-valign-top\">\n<style>.kadence-column3491_47a8a0-11 > .kt-inside-inner-col,.kadence-column3491_47a8a0-11 > .kt-inside-inner-col:before{border-top-left-radius:0px;border-top-right-radius:0px;border-bottom-right-radius:0px;border-bottom-left-radius:0px;}.kadence-column3491_47a8a0-11 > .kt-inside-inner-col{column-gap:var(--global-kb-gap-sm, 1rem);}.kadence-column3491_47a8a0-11 > .kt-inside-inner-col{flex-direction:column;}.kadence-column3491_47a8a0-11 > .kt-inside-inner-col > .aligncenter{width:100%;}.kadence-column3491_47a8a0-11 > .kt-inside-inner-col:before{opacity:0.3;}.kadence-column3491_47a8a0-11{position:relative;}@media all and (max-width: 1024px){.kadence-column3491_47a8a0-11 > .kt-inside-inner-col{flex-direction:column;justify-content:center;}}@media all and (max-width: 767px){.kadence-column3491_47a8a0-11 > .kt-inside-inner-col{flex-direction:column;justify-content:center;}}<\/style>\n<div class=\"wp-block-kadence-column kadence-column3491_47a8a0-11 inner-column-1\"><div class=\"kt-inside-inner-col\"><style>.wp-block-kadence-advancedheading.kt-adv-heading3491_c504e4-72, .wp-block-kadence-advancedheading.kt-adv-heading3491_c504e4-72[data-kb-block=\"kb-adv-heading3491_c504e4-72\"]{margin-top:0px;margin-bottom:var(--global-kb-spacing-lg, 3rem);font-size:54px;line-height:1.2;font-style:normal;}.wp-block-kadence-advancedheading.kt-adv-heading3491_c504e4-72 mark.kt-highlight, .wp-block-kadence-advancedheading.kt-adv-heading3491_c504e4-72[data-kb-block=\"kb-adv-heading3491_c504e4-72\"] mark.kt-highlight{font-style:normal;color:#f76a0c;-webkit-box-decoration-break:clone;box-decoration-break:clone;padding-top:0px;padding-right:0px;padding-bottom:0px;padding-left:0px;}.wp-block-kadence-advancedheading.kt-adv-heading3491_c504e4-72 img.kb-inline-image, .wp-block-kadence-advancedheading.kt-adv-heading3491_c504e4-72[data-kb-block=\"kb-adv-heading3491_c504e4-72\"] img.kb-inline-image{width:150px;vertical-align:baseline;}@media all and (max-width: 1024px){.wp-block-kadence-advancedheading.kt-adv-heading3491_c504e4-72, .wp-block-kadence-advancedheading.kt-adv-heading3491_c504e4-72[data-kb-block=\"kb-adv-heading3491_c504e4-72\"]{text-align:center!important;}}<\/style>\n<h1 class=\"kt-adv-heading3491_c504e4-72 wp-block-kadence-advancedheading has-theme-palette-8-color has-text-color\" data-kb-block=\"kb-adv-heading3491_c504e4-72\">Kontakt<\/h1>\n\n\n<style>.wp-block-kadence-advancedheading.kt-adv-heading3491_93f755-30, .wp-block-kadence-advancedheading.kt-adv-heading3491_93f755-30[data-kb-block=\"kb-adv-heading3491_93f755-30\"]{font-size:25px;font-style:normal;}.wp-block-kadence-advancedheading.kt-adv-heading3491_93f755-30 mark.kt-highlight, .wp-block-kadence-advancedheading.kt-adv-heading3491_93f755-30[data-kb-block=\"kb-adv-heading3491_93f755-30\"] mark.kt-highlight{font-style:normal;color:#f76a0c;-webkit-box-decoration-break:clone;box-decoration-break:clone;padding-top:0px;padding-right:0px;padding-bottom:0px;padding-left:0px;}.wp-block-kadence-advancedheading.kt-adv-heading3491_93f755-30 img.kb-inline-image, .wp-block-kadence-advancedheading.kt-adv-heading3491_93f755-30[data-kb-block=\"kb-adv-heading3491_93f755-30\"] img.kb-inline-image{width:150px;vertical-align:baseline;}@media all and (max-width: 1024px){.wp-block-kadence-advancedheading.kt-adv-heading3491_93f755-30, .wp-block-kadence-advancedheading.kt-adv-heading3491_93f755-30[data-kb-block=\"kb-adv-heading3491_93f755-30\"]{text-align:center!important;}}<\/style>\n<p class=\"kt-adv-heading3491_93f755-30 wp-block-kadence-advancedheading has-theme-palette-8-color has-text-color\" data-kb-block=\"kb-adv-heading3491_93f755-30\">Jeste\u015bmy tutaj, aby odpowiedzie\u0107 na wszelkie pytania. Nie wahaj si\u0119 skontaktowa\u0107 si\u0119 z nami, z przyjemno\u015bci\u0105 Ci pomo\u017cemy.<\/p>\n<\/div><\/div>\n\n\n<style>.kadence-column3491_32a9e1-93 > .kt-inside-inner-col,.kadence-column3491_32a9e1-93 > .kt-inside-inner-col:before{border-top-left-radius:0px;border-top-right-radius:0px;border-bottom-right-radius:0px;border-bottom-left-radius:0px;}.kadence-column3491_32a9e1-93 > .kt-inside-inner-col{column-gap:var(--global-kb-gap-sm, 1rem);}.kadence-column3491_32a9e1-93 > .kt-inside-inner-col{flex-direction:column;}.kadence-column3491_32a9e1-93 > .kt-inside-inner-col > .aligncenter{width:100%;}.kadence-column3491_32a9e1-93 > .kt-inside-inner-col:before{opacity:0.3;}.kadence-column3491_32a9e1-93{position:relative;}@media all and (max-width: 1024px){.kadence-column3491_32a9e1-93 > .kt-inside-inner-col{flex-direction:column;justify-content:center;}}@media all and (max-width: 767px){.kadence-column3491_32a9e1-93 > .kt-inside-inner-col{flex-direction:column;justify-content:center;}}<\/style>\n<div class=\"wp-block-kadence-column kadence-column3491_32a9e1-93 inner-column-2\"><div class=\"kt-inside-inner-col\"><\/div><\/div>\n\n<\/div><\/div>\n\n<style>.kb-row-layout-id3491_bba2c1-ec > .kt-row-column-wrap{align-content:start;}:where(.kb-row-layout-id3491_bba2c1-ec > .kt-row-column-wrap) > .wp-block-kadence-column{justify-content:start;}.kb-row-layout-id3491_bba2c1-ec > .kt-row-column-wrap{column-gap:var(--global-kb-gap-md, 2rem);row-gap:var(--global-kb-gap-md, 2rem);max-width:var( --global-content-width, 1170px );padding-left:var(--global-content-edge-padding);padding-right:var(--global-content-edge-padding);padding-top:var(--global-kb-spacing-xxl, 5rem);padding-bottom:var(--global-kb-spacing-xxl, 5rem);grid-template-columns:minmax(0, calc(35% - ((var(--global-kb-gap-md, 2rem) * 1 )\/2)))minmax(0, calc(65% - ((var(--global-kb-gap-md, 2rem) * 1 )\/2)));}.kb-row-layout-id3491_bba2c1-ec > .kt-row-layout-overlay{opacity:0.30;}@media all and (max-width: 1024px){.kb-row-layout-id3491_bba2c1-ec > .kt-row-column-wrap{grid-template-columns:minmax(0, 1fr);}}@media all and (max-width: 1024px){.kb-row-layout-id3491_bba2c1-ec > .kt-row-column-wrap > .wp-block-kadence-column:nth-child(1 of *:not(style)){order:2;}}@media all and (max-width: 1024px){.kb-row-layout-id3491_bba2c1-ec > .kt-row-column-wrap > .wp-block-kadence-column:nth-child(2 of *:not(style)){order:1;}}@media all and (max-width: 1024px){.kb-row-layout-id3491_bba2c1-ec > .kt-row-column-wrap > .wp-block-kadence-column:nth-child(3 of *:not(style)){order:12;}}@media all and (max-width: 1024px){.kb-row-layout-id3491_bba2c1-ec > .kt-row-column-wrap > .wp-block-kadence-column:nth-child(4 of *:not(style)){order:11;}}@media all and (max-width: 1024px){.kb-row-layout-id3491_bba2c1-ec > .kt-row-column-wrap > .wp-block-kadence-column:nth-child(5 of *:not(style)){order:22;}}@media all and (max-width: 1024px){.kb-row-layout-id3491_bba2c1-ec > .kt-row-column-wrap > .wp-block-kadence-column:nth-child(6 of *:not(style)){order:21;}}@media all and (max-width: 1024px){.kb-row-layout-id3491_bba2c1-ec > .kt-row-column-wrap > .wp-block-kadence-column:nth-child(7 of *:not(style)){order:32;}}@media all and (max-width: 1024px){.kb-row-layout-id3491_bba2c1-ec > .kt-row-column-wrap > .wp-block-kadence-column:nth-child(8 of *:not(style)){order:31;}}@media all and (max-width: 767px){.kb-row-layout-id3491_bba2c1-ec > .kt-row-column-wrap{grid-template-columns:minmax(0, 1fr);}.kb-row-layout-id3491_bba2c1-ec > .kt-row-column-wrap > .wp-block-kadence-column:nth-child(1 of *:not(style)){order:2;}.kb-row-layout-id3491_bba2c1-ec > .kt-row-column-wrap > .wp-block-kadence-column:nth-child(2 of *:not(style)){order:1;}.kb-row-layout-id3491_bba2c1-ec > .kt-row-column-wrap > .wp-block-kadence-column:nth-child(3 of *:not(style)){order:12;}.kb-row-layout-id3491_bba2c1-ec > .kt-row-column-wrap > .wp-block-kadence-column:nth-child(4 of *:not(style)){order:11;}.kb-row-layout-id3491_bba2c1-ec > .kt-row-column-wrap > .wp-block-kadence-column:nth-child(5 of *:not(style)){order:22;}.kb-row-layout-id3491_bba2c1-ec > .kt-row-column-wrap > .wp-block-kadence-column:nth-child(6 of *:not(style)){order:21;}.kb-row-layout-id3491_bba2c1-ec > .kt-row-column-wrap > .wp-block-kadence-column:nth-child(7 of *:not(style)){order:32;}.kb-row-layout-id3491_bba2c1-ec > .kt-row-column-wrap > .wp-block-kadence-column:nth-child(8 of *:not(style)){order:31;}}<\/style><div class=\"kb-row-layout-wrap kb-row-layout-id3491_bba2c1-ec alignfull has-theme-palette8-background-color kt-row-has-bg wp-block-kadence-rowlayout\"><div class=\"kt-row-column-wrap kt-has-2-columns kt-row-layout-equal kt-tab-layout-row kt-mobile-layout-row kt-row-valign-top kb-theme-content-width\">\n<style>.kadence-column3491_f8fc96-2a > .kt-inside-inner-col{display:flex;}.kadence-column3491_f8fc96-2a > .kt-inside-inner-col,.kadence-column3491_f8fc96-2a > .kt-inside-inner-col:before{border-top-left-radius:0px;border-top-right-radius:0px;border-bottom-right-radius:0px;border-bottom-left-radius:0px;}.kadence-column3491_f8fc96-2a > .kt-inside-inner-col{column-gap:var(--global-kb-gap-sm, 1rem);}.kadence-column3491_f8fc96-2a > .kt-inside-inner-col{flex-direction:column;justify-content:flex-start;}.kadence-column3491_f8fc96-2a > .kt-inside-inner-col > .aligncenter{width:100%;}.kt-row-column-wrap > .kadence-column3491_f8fc96-2a{align-self:flex-start;}.kt-inner-column-height-full:not(.kt-has-1-columns) > .wp-block-kadence-column.kadence-column3491_f8fc96-2a{align-self:auto;}.kt-inner-column-height-full:not(.kt-has-1-columns) > .wp-block-kadence-column.kadence-column3491_f8fc96-2a > .kt-inside-inner-col{flex-direction:column;justify-content:flex-start;}.kadence-column3491_f8fc96-2a > .kt-inside-inner-col:before{opacity:0.3;}.kadence-column3491_f8fc96-2a{position:relative;}.kadence-column3491_f8fc96-2a, .kt-inside-inner-col > .kadence-column3491_f8fc96-2a:not(.specificity){margin-left:var(--global-kb-spacing-md, 2rem);}@media all and (max-width: 1024px){.kt-row-column-wrap > .kadence-column3491_f8fc96-2a{align-self:flex-start;}}@media all and (max-width: 1024px){.kt-inner-column-height-full:not(.kt-has-1-columns) > .wp-block-kadence-column.kadence-column3491_f8fc96-2a{align-self:auto;}}@media all and (max-width: 1024px){.kt-inner-column-height-full:not(.kt-has-1-columns) > .wp-block-kadence-column.kadence-column3491_f8fc96-2a > .kt-inside-inner-col{flex-direction:column;justify-content:flex-start;}}@media all and (max-width: 1024px){.kadence-column3491_f8fc96-2a > .kt-inside-inner-col{flex-direction:column;justify-content:flex-start;}}@media all and (max-width: 1024px){.kadence-column3491_f8fc96-2a, .kt-inside-inner-col > .kadence-column3491_f8fc96-2a:not(.specificity){margin-left:0px;}}@media all and (max-width: 767px){.kt-row-column-wrap > .kadence-column3491_f8fc96-2a{align-self:flex-start;}.kt-inner-column-height-full:not(.kt-has-1-columns) > .wp-block-kadence-column.kadence-column3491_f8fc96-2a{align-self:auto;}.kt-inner-column-height-full:not(.kt-has-1-columns) > .wp-block-kadence-column.kadence-column3491_f8fc96-2a > .kt-inside-inner-col{flex-direction:column;justify-content:flex-start;}.kadence-column3491_f8fc96-2a > .kt-inside-inner-col{flex-direction:column;justify-content:flex-start;}.kadence-column3491_f8fc96-2a, .kt-inside-inner-col > .kadence-column3491_f8fc96-2a:not(.specificity){margin-left:0px;}}<\/style>\n<div class=\"wp-block-kadence-column kadence-column3491_f8fc96-2a\"><div class=\"kt-inside-inner-col\"><style>.wp-block-kadence-advancedheading.kt-adv-heading3491_ae5293-8f, .wp-block-kadence-advancedheading.kt-adv-heading3491_ae5293-8f[data-kb-block=\"kb-adv-heading3491_ae5293-8f\"]{display:block;padding-bottom:var(--global-kb-spacing-xs, 1rem);text-align:left;font-size:24px;font-style:normal;}.wp-block-kadence-advancedheading.kt-adv-heading3491_ae5293-8f mark.kt-highlight, .wp-block-kadence-advancedheading.kt-adv-heading3491_ae5293-8f[data-kb-block=\"kb-adv-heading3491_ae5293-8f\"] mark.kt-highlight{font-style:normal;color:#f76a0c;-webkit-box-decoration-break:clone;box-decoration-break:clone;padding-top:0px;padding-right:0px;padding-bottom:0px;padding-left:0px;}.wp-block-kadence-advancedheading.kt-adv-heading3491_ae5293-8f img.kb-inline-image, .wp-block-kadence-advancedheading.kt-adv-heading3491_ae5293-8f[data-kb-block=\"kb-adv-heading3491_ae5293-8f\"] img.kb-inline-image{width:150px;vertical-align:baseline;}<\/style>\n<span class=\"kt-adv-heading3491_ae5293-8f wp-block-kadence-advancedheading has-theme-palette-1-color has-text-color\" data-kb-block=\"kb-adv-heading3491_ae5293-8f\"><strong>Nie zwlekaj z kolejnym krokiem do sukcesu!<\/strong><\/span>\n\n\n<style>.wp-block-kadence-advancedheading.kt-adv-heading3491_f8195a-12, .wp-block-kadence-advancedheading.kt-adv-heading3491_f8195a-12[data-kb-block=\"kb-adv-heading3491_f8195a-12\"]{font-style:normal;}.wp-block-kadence-advancedheading.kt-adv-heading3491_f8195a-12 mark.kt-highlight, .wp-block-kadence-advancedheading.kt-adv-heading3491_f8195a-12[data-kb-block=\"kb-adv-heading3491_f8195a-12\"] mark.kt-highlight{font-style:normal;color:#f76a0c;-webkit-box-decoration-break:clone;box-decoration-break:clone;padding-top:0px;padding-right:0px;padding-bottom:0px;padding-left:0px;}.wp-block-kadence-advancedheading.kt-adv-heading3491_f8195a-12 img.kb-inline-image, .wp-block-kadence-advancedheading.kt-adv-heading3491_f8195a-12[data-kb-block=\"kb-adv-heading3491_f8195a-12\"] img.kb-inline-image{width:150px;vertical-align:baseline;}@media all and (max-width: 1024px){.wp-block-kadence-advancedheading.kt-adv-heading3491_f8195a-12, .wp-block-kadence-advancedheading.kt-adv-heading3491_f8195a-12[data-kb-block=\"kb-adv-heading3491_f8195a-12\"]{text-align:center!important;}}<\/style>\n<p class=\"kt-adv-heading3491_f8195a-12 wp-block-kadence-advancedheading has-theme-palette-3-color has-text-color\" data-kb-block=\"kb-adv-heading3491_f8195a-12\">Masz pytania, potrzebujesz wi\u0119cej informacji o naszych us\u0142ugach lub chcesz rozpocz\u0105\u0107 wsp\u00f3\u0142prac\u0119? <strong>Skontaktuj si\u0119 z nami<\/strong>. Jeste\u015bmy dost\u0119pni, aby odpowiedzie\u0107 na wszystkie Twoje pytania i znale\u017a\u0107 najlepsze rozwi\u0105zanie dla Twojego biznesu.<\/p>\n\n\n\n<h3 class=\"wp-block-heading\"><strong>Informacje kontaktowe<\/strong><\/h3>\n\n\n\n<ul class=\"wp-block-list\">\n<li>\ud83d\udce7 <strong>Email:<\/strong> <a href=\"mailto:&#099;on&#116;a%63%74%40a&#109;%7a%6e&#097;%76&#105;g&#097;&#116;or%2ec&#111;%6d\" class=\"\"><span style=\"display:inline;unicode-bidi:bidi-override;direction:rtl;\">moc.rotagivanzma<span style=\"display:none;\">obfsctd<\/span>&#64;tcatnoc<\/span><\/a><\/li>\n\n\n\n<li>\ud83c\udf10 <strong>Strona internetowa:<\/strong> <a href=\"https:\/\/amznavigator.com\">amznavigator.com<\/a><\/li>\n\n\n\n<li>\ud83d\udcbc <strong>LinkedIn:<\/strong> <a href=\"https:\/\/www.linkedin.com\/company\/amz-navigator\" target=\"_blank\" rel=\"noreferrer noopener nofollow\">Amznavigator<\/a><\/li>\n<\/ul>\n\n\n\n<h3 class=\"wp-block-heading\"><strong>Godziny obs\u0142ugi zapyta\u0144<\/strong><\/h3>\n\n\n\n<ul class=\"wp-block-list\">\n<li><strong>Poniedzia\u0142ek:<\/strong> 09:00 &#8211; 17:00 (CET)<\/li>\n\n\n\n<li><strong>Wtorek:<\/strong> 09:00 &#8211; 17:00 (CET)<\/li>\n\n\n\n<li><strong>\u015aroda:<\/strong> 09:00 &#8211; 17:00 (CET)<\/li>\n\n\n\n<li><strong>Czwartek:<\/strong> 09:00 &#8211; 17:00 (CET)<\/li>\n\n\n\n<li><strong>Pi\u0105tek:<\/strong> 09:00 &#8211; 15:00 (CET)<\/li>\n<\/ul>\n<\/div><\/div>\n\n\n<style>.kadence-column3491_8594cf-df > .kt-inside-inner-col{padding-top:var(--global-kb-spacing-xxs, 0.5rem);padding-right:var(--global-kb-spacing-xxs, 0.5rem);padding-bottom:var(--global-kb-spacing-xxs, 0.5rem);padding-left:var(--global-kb-spacing-xxs, 0.5rem);}.kadence-column3491_8594cf-df > .kt-inside-inner-col{box-shadow:20px 20px 80px -20px rgba(0, 0, 0, 0.1);}.kadence-column3491_8594cf-df > .kt-inside-inner-col,.kadence-column3491_8594cf-df > .kt-inside-inner-col:before{border-top-left-radius:10px;border-top-right-radius:10px;border-bottom-right-radius:10px;border-bottom-left-radius:10px;}.kadence-column3491_8594cf-df > .kt-inside-inner-col{column-gap:var(--global-kb-gap-sm, 1rem);}.kadence-column3491_8594cf-df > .kt-inside-inner-col{flex-direction:column;}.kadence-column3491_8594cf-df > .kt-inside-inner-col > .aligncenter{width:100%;}.kadence-column3491_8594cf-df > .kt-inside-inner-col{background-color:var(--global-palette9, #ffffff);}.kadence-column3491_8594cf-df > .kt-inside-inner-col:before{opacity:0.3;}.kadence-column3491_8594cf-df{position:relative;}@media all and (max-width: 1024px){.kadence-column3491_8594cf-df > .kt-inside-inner-col{flex-direction:column;justify-content:center;}}@media all and (max-width: 1024px){.kadence-column3491_8594cf-df, .kt-inside-inner-col > .kadence-column3491_8594cf-df:not(.specificity){margin-right:0px;}}@media all and (max-width: 767px){.kadence-column3491_8594cf-df > .kt-inside-inner-col{padding-top:var(--global-kb-spacing-md, 2rem);padding-right:var(--global-kb-spacing-md, 2rem);padding-bottom:var(--global-kb-spacing-md, 2rem);padding-left:var(--global-kb-spacing-md, 2rem);flex-direction:column;justify-content:center;}.kadence-column3491_8594cf-df, .kt-inside-inner-col > .kadence-column3491_8594cf-df:not(.specificity){margin-right:0px;}}<\/style>\n<div class=\"wp-block-kadence-column kadence-column3491_8594cf-df\"><div class=\"kt-inside-inner-col\">\n<ul class=\"wp-block-list\">\n<li>Potrzebujesz pomocy w <strong>odblokowaniu konta<\/strong> Amazon? Zacznij od wype\u0142nienia naszego <strong><a href=\"https:\/\/amznavigator.com\/pl\/uslugi\/odblokowanie-kont-amazon\/\" data-type=\"page\" data-id=\"4601\">formularz darmowej oceny konta<\/a><\/strong>.<\/li>\n\n\n\n<li>Je\u015bli jeste\u015b zainteresowany naszymi us\u0142ugami w zakresie <strong>analizy rynku<\/strong> Amazon, rozpocznij tutaj: <strong><a href=\"https:\/\/amznavigator.com\/pl\/uslugi\/badanie-rynku-amazon\/\" data-type=\"page\" data-id=\"3464\">Formularz darmowej oceny analizy rynku<\/a><\/strong>.<\/li>\n<\/ul>\n\n\n\n<p class=\"has-text-align-center\">W przypadku wszelkich innych zapyta\u0144, prosimy o skorzystanie z poni\u017cszego formularza kontaktowego:<\/p>\n\n\n<style>.wp-block-kadence-advancedheading.kt-adv-heading3491_5646e7-d3, .wp-block-kadence-advancedheading.kt-adv-heading3491_5646e7-d3[data-kb-block=\"kb-adv-heading3491_5646e7-d3\"]{text-align:center;font-style:normal;}.wp-block-kadence-advancedheading.kt-adv-heading3491_5646e7-d3 mark.kt-highlight, .wp-block-kadence-advancedheading.kt-adv-heading3491_5646e7-d3[data-kb-block=\"kb-adv-heading3491_5646e7-d3\"] mark.kt-highlight{font-style:normal;color:#f76a0c;-webkit-box-decoration-break:clone;box-decoration-break:clone;padding-top:0px;padding-right:0px;padding-bottom:0px;padding-left:0px;}.wp-block-kadence-advancedheading.kt-adv-heading3491_5646e7-d3 img.kb-inline-image, .wp-block-kadence-advancedheading.kt-adv-heading3491_5646e7-d3[data-kb-block=\"kb-adv-heading3491_5646e7-d3\"] img.kb-inline-image{width:150px;vertical-align:baseline;}<\/style>\n<h3 class=\"kt-adv-heading3491_5646e7-d3 wp-block-kadence-advancedheading\" data-kb-block=\"kb-adv-heading3491_5646e7-d3\">Formularz kontaktowy<\/h3>\n\n\n\n<iframe\n  src=\"https:\/\/link.ai-funnels.com\/widget\/form\/rUNTZn8WaKQcb6HT8fAs\"\n  style=\"width:100%;height:100%;border:none;border-radius:3px\"\n  id=\"inline-rUNTZn8WaKQcb6HT8fAs\" \n  data-layout=\"{'id':'INLINE'}\"\n  data-trigger-type=\"alwaysShow\"\n  data-trigger-value=\"\"\n  data-activation-type=\"alwaysActivated\"\n  data-activation-value=\"\"\n  data-deactivation-type=\"neverDeactivate\"\n  data-deactivation-value=\"\"\n  data-form-name=\"Formularz kontaktowy\"\n  data-height=\"1004\"\n  data-layout-iframe-id=\"inline-rUNTZn8WaKQcb6HT8fAs\"\n  data-form-id=\"rUNTZn8WaKQcb6HT8fAs\"\n  title=\"Formularz kontaktowy\"\n      >\n<\/iframe>\n<script src=\"https:\/\/link.ai-funnels.com\/js\/form_embed.js\"><\/script>\n<\/div><\/div>\n\n<\/div><\/div>","protected":false},"excerpt":{"rendered":"<p>Kontakt Jeste\u015bmy tutaj, aby odpowiedzie\u0107 na wszelkie pytania. Nie wahaj si\u0119 skontaktowa\u0107 si\u0119 z nami, z przyjemno\u015bci\u0105 Ci pomo\u017cemy. Nie zwlekaj z kolejnym krokiem do sukcesu! Masz pytania, potrzebujesz wi\u0119cej informacji o naszych us\u0142ugach lub chcesz rozpocz\u0105\u0107 wsp\u00f3\u0142prac\u0119? Skontaktuj si\u0119 z nami. Jeste\u015bmy dost\u0119pni, aby odpowiedzie\u0107 na wszystkie Twoje pytania i znale\u017a\u0107 najlepsze rozwi\u0105zanie dla&#8230;<\/p>\n","protected":false},"author":1,"featured_media":3495,"parent":0,"menu_order":2,"comment_status":"closed","ping_status":"closed","template":"","meta":{"_kad_blocks_custom_css":"","_kad_blocks_head_custom_js":"","_kad_blocks_body_custom_js":"","_kad_blocks_footer_custom_js":"","_kadence_starter_templates_imported_post":true,"_kad_post_transparent":"disable","_kad_post_title":"hide","_kad_post_layout":"fullwidth","_kad_post_sidebar_id":"","_kad_post_content_style":"unboxed","_kad_post_vertical_padding":"hide","_kad_post_feature":"hide","_kad_post_feature_position":"","_kad_post_header":false,"_kad_post_footer":false,"_kad_post_classname":"","footnotes":""},"class_list":["post-3491","page","type-page","status-publish","has-post-thumbnail","hentry"],"taxonomy_info":[],"featured_image_src_large":["https:\/\/amznavigator.com\/wp-content\/uploads\/2024\/11\/Kontakt-Mario-Ricos-1024x630.jpg",1024,630,true],"author_info":{"display_name":"Mario","author_link":"https:\/\/amznavigator.com\/pl\/author\/b656a33c6049ce0b\/"},"comment_info":0,"_links":{"self":[{"href":"https:\/\/amznavigator.com\/pl\/wp-json\/wp\/v2\/pages\/3491","targetHints":{"allow":["GET"]}}],"collection":[{"href":"https:\/\/amznavigator.com\/pl\/wp-json\/wp\/v2\/pages"}],"about":[{"href":"https:\/\/amznavigator.com\/pl\/wp-json\/wp\/v2\/types\/page"}],"author":[{"embeddable":true,"href":"https:\/\/amznavigator.com\/pl\/wp-json\/wp\/v2\/users\/1"}],"replies":[{"embeddable":true,"href":"https:\/\/amznavigator.com\/pl\/wp-json\/wp\/v2\/comments?post=3491"}],"version-history":[{"count":10,"href":"https:\/\/amznavigator.com\/pl\/wp-json\/wp\/v2\/pages\/3491\/revisions"}],"predecessor-version":[{"id":5040,"href":"https:\/\/amznavigator.com\/pl\/wp-json\/wp\/v2\/pages\/3491\/revisions\/5040"}],"wp:featuredmedia":[{"embeddable":true,"href":"https:\/\/amznavigator.com\/pl\/wp-json\/wp\/v2\/media\/3495"}],"wp:attachment":[{"href":"https:\/\/amznavigator.com\/pl\/wp-json\/wp\/v2\/media?parent=3491"}],"curies":[{"name":"wp","href":"https:\/\/api.w.org\/{rel}","templated":true}]}}